{"id":4026,"date":"2023-02-22T13:35:47","date_gmt":"2023-02-22T12:35:47","guid":{"rendered":"https:\/\/mreze.shop\/proizvod\/detektor-propustanja-plina-gs133-hw-group\/"},"modified":"2023-12-07T13:12:35","modified_gmt":"2023-12-07T12:12:35","slug":"detektor-propustanja-plina-gs133-hw-group","status":"publish","type":"product","link":"https:\/\/mreze.shop\/bs\/proizvod\/detektor-propustanja-plina-gs133-hw-group\/","title":{"rendered":"Detektor propu\u0161tanja plina GS133, HW Group"},"content":{"rendered":"\t<div id=\"gap-522498513\" class=\"gap-element clearfix\" style=\"display:block; height:auto;\">\n\t\t\n<style>\n#gap-522498513 {\n  padding-top: 30px;\n}\n<\/style>\n\t<\/div>\n\t\n<div class=\"row\"  id=\"row-30291499\">\n\n\t<div id=\"col-1473065066\" class=\"col medium-6 small-12 large-6\"  data-animate=\"fadeInLeft\">\n\t\t\t\t<div class=\"col-inner\"  >\n\t\t\t\n\t\t\t\n<h2>Detektor za indikaciju prisutnosti zapaljivog plina<\/h2>\n<div class=\"is-divider divider clearfix\" style=\"max-width:100%;\"><\/div>\n<p>Senzor detektira sve vrste zapaljivih plinova (prirodni plin, ugljeni plin, propan, plin iz boca, acetilen, vodik itd.) i nudi 2 izborne reakcije prema koncentraciji plina.<\/p>\n<p>Karakteristike proizvoda su velika stabilnost, visoka osjetljivost, dug \u017eivotni vijek i male dimenzije. Ure\u0111aj koristi opti\u010dku i zvu\u010dnu signalizaciju istjecanja plina. Tako\u0111er je opremljen relejem s konfigurabilnom funkcijom. Potrebno je napajanje od 12 V DC.<\/p>\n<p>Detektor pru\u017ea visoku stabilnost, osjetljivost i dug \u017eivotni vijek.<\/p>\n<h2>Izdvojene zna\u010dajke<\/h2>\n<div class=\"is-divider divider clearfix\" style=\"max-width:100%;\"><\/div>\n<ul>\n<li>Detekcija zapaljivih plinova<\/li>\n<li>Senzor detektira sve vrste zapaljivih plinova (prirodni plin, ugljeni plin, propan, plin iz boce, acetilen, vodik itd.)<\/li>\n<li>Dvije izborne reakcije prema koncentraciji plina<\/li>\n<\/ul>\n\t\t<\/div>\n\t\t\t\t\n<style>\n#col-1473065066 > .col-inner {\n  padding: 0px 1em 0px 0px;\n}\n<\/style>\n\t<\/div>\n\n\t\n\n\t<div id=\"col-1336124023\" class=\"col medium-6 small-12 large-6\"  data-animate=\"fadeInRight\">\n\t\t\t\t<div class=\"col-inner\"  >\n\t\t\t\n\t\t\t\n<h2>Primjene i upotreba<\/h2>\n<div class=\"is-divider divider clearfix\" style=\"max-width:100%;\"><\/div>\n<p>Detekcija curenja plina u industrijskim i gra\u0111evinskim prostorima.<\/p>\n\t\t<\/div>\n\t\t\t\t\n<style>\n#col-1336124023 > .col-inner {\n  padding: 0px 0px 0px 1em;\n}\n<\/style>\n\t<\/div>\n\n\t\n<\/div>\n","protected":false},"excerpt":{"rendered":"<p>U\u010dinkovita detekcija istjecanja zapaljivog plina uz sjajnu stabilnost, visoku osjetljivost i dug \u017eivotni vijek. Senzor detektira sve vrste zapaljivih plinova te koristi opti\u010dku i zvu\u010dnu signalizaciju kao i mogu\u0107nost uklju\u010denja izlaznog releja<\/p>\n<ul>\n<li>za sve vrste zapaljivih plinova (prirodni plin, ugljeni plin, propan, plin iz boca, acetilen, vodik itd)<\/li>\n<li>2 izborne reakcije pri detekciji plina<\/li>\n<li>izlazni relej 230V<\/li>\n<\/ul>\n<p>&nbsp;<\/p>\n<p>&nbsp;<\/p>\n","protected":false},"featured_media":4027,"template":"","meta":[],"product_brand":[],"product_cat":[191],"product_tag":[],"class_list":{"0":"post-4026","1":"product","2":"type-product","3":"status-publish","4":"has-post-thumbnail","6":"product_cat-iot-senzori-i-detektori-bs","7":"product_shipping_class-dostava-prema-ponudi","9":"first","10":"instock","11":"taxable","12":"shipping-taxable","13":"purchasable","14":"product-type-simple"},"_links":{"self":[{"href":"https:\/\/mreze.shop\/bs\/wp-json\/wp\/v2\/product\/4026","targetHints":{"allow":["GET"]}}],"collection":[{"href":"https:\/\/mreze.shop\/bs\/wp-json\/wp\/v2\/product"}],"about":[{"href":"https:\/\/mreze.shop\/bs\/wp-json\/wp\/v2\/types\/product"}],"wp:featuredmedia":[{"embeddable":true,"href":"https:\/\/mreze.shop\/bs\/wp-json\/wp\/v2\/media\/4027"}],"wp:attachment":[{"href":"https:\/\/mreze.shop\/bs\/wp-json\/wp\/v2\/media?parent=4026"}],"wp:term":[{"taxonomy":"product_brand","embeddable":true,"href":"https:\/\/mreze.shop\/bs\/wp-json\/wp\/v2\/product_brand?post=4026"},{"taxonomy":"product_cat","embeddable":true,"href":"https:\/\/mreze.shop\/bs\/wp-json\/wp\/v2\/product_cat?post=4026"},{"taxonomy":"product_tag","embeddable":true,"href":"https:\/\/mreze.shop\/bs\/wp-json\/wp\/v2\/product_tag?post=4026"}],"curies":[{"name":"wp","href":"https:\/\/api.w.org\/{rel}","templated":true}]}}