{"id":4024,"date":"2023-02-22T13:50:32","date_gmt":"2023-02-22T12:50:32","guid":{"rendered":"https:\/\/mreze.shop\/proizvod\/sonda-za-mjerenje-struje-1w-uni-100a-hw-group\/"},"modified":"2023-12-07T13:11:40","modified_gmt":"2023-12-07T12:11:40","slug":"sonda-za-mjerenje-struje-1w-uni-100a-hw-group","status":"publish","type":"product","link":"https:\/\/mreze.shop\/bs\/proizvod\/sonda-za-mjerenje-struje-1w-uni-100a-hw-group\/","title":{"rendered":"Sonda za mjerenje struje 1W-UNI 100A, HW group"},"content":{"rendered":"\t<div id=\"gap-1942734825\" class=\"gap-element clearfix\" style=\"display:block; height:auto;\">\n\t\t\n<style>\n#gap-1942734825 {\n  padding-top: 30px;\n}\n<\/style>\n\t<\/div>\n\t\n<div class=\"row\"  id=\"row-1843035789\">\n\n\t<div id=\"col-1875375002\" class=\"col medium-6 small-12 large-6\"  data-animate=\"fadeInLeft\">\n\t\t\t\t<div class=\"col-inner\"  >\n\t\t\t\n\t\t\t\n<h2>Rano upozorenje o preoptere\u0107enju ili promjeni smjera struje<\/h2>\n<div class=\"is-divider divider clearfix\" style=\"max-width:100%;\"><\/div>\n<p>100A DC strujna sonda 1W-UNI je set \u0161anta i pretvara\u010da koji mo\u017ee mjeriti DC struju do 100A. \u0160ant je spojen izravno (prekidaju\u0107i \u017eicu) u strujni krug mjerenja. Istosmjerna struja se mjeri u oba smjera (razlikuje se predznakom).<\/p>\n<p>Izlaz 1W-UNI mo\u017ee se spojiti na Poseidon2 ili Ares ure\u0111aje. Zajedno s jednom od ovih jedinica, strujna sonda mo\u017ee slu\u017eiti za rano upozorenje o preoptere\u0107enju ili promjeni smjera struje (punjenje\/pra\u017enjenje).<\/p>\n<p>Sonda je prikladna za nadzor ulazne snage u sustavima s istosmjernim napajanjem od 12 V \/ 24 V ili 48 V, osiguravaju\u0107i punjenje baterije ili pra\u0107enje potro\u0161nje energije u telekomunikacijskim aplikacijama.<\/p>\n<p><img loading=\"lazy\" decoding=\"async\" class=\"alignnone size-full wp-image-1460\" src=\"https:\/\/mreze.shop\/wp-content\/uploads\/2023\/02\/Sonda-za-mjerenje-struje-1057-1.jpg\" alt=\"\" width=\"900\" height=\"429\" srcset=\"https:\/\/mreze.shop\/wp-content\/uploads\/2023\/02\/Sonda-za-mjerenje-struje-1057-1.jpg 900w, https:\/\/mreze.shop\/wp-content\/uploads\/2023\/02\/Sonda-za-mjerenje-struje-1057-1-750x358.jpg 750w, https:\/\/mreze.shop\/wp-content\/uploads\/2023\/02\/Sonda-za-mjerenje-struje-1057-1-800x381.jpg 800w, https:\/\/mreze.shop\/wp-content\/uploads\/2023\/02\/Sonda-za-mjerenje-struje-1057-1-768x366.jpg 768w\" sizes=\"auto, (max-width: 900px) 100vw, 900px\" \/><\/p>\n\t\t<\/div>\n\t\t\t\t\n<style>\n#col-1875375002 > .col-inner {\n  padding: 0px 1em 0px 0px;\n}\n<\/style>\n\t<\/div>\n\n\t\n\n\t<div id=\"col-144830673\" class=\"col medium-4 small-12 large-4\"  >\n\t\t\t\t<div class=\"col-inner\"  >\n\t\t\t\n\t\t\t\n<h2>Izdvojene zna\u010dajke<\/h2>\n<div class=\"is-divider divider clearfix\" style=\"max-width:100%;\"><\/div>\n<ul>\n<li>Raspon struje 0-100A DC; Razlu\u010divost 0.1A; To\u010dnost mjerenja 2%<\/li>\n<li>Otpor shunta \/ gubitak za 100A (100A verzija) 0,6 mOhm\/60 mV;<\/li>\n<li>1-Wire UNI sabirnica je elektri\u010dno izolirana od mjerenog kruga<\/li>\n<li>Izmjereni napon maks. 60V<\/li>\n<li>Duljina kabela izme\u0111u \u0161anta i pretvara\u010da 1m<\/li>\n<li>Napajanje sabirnicom (1-Wire UNI), maks. 2 senzora po aktivnom priklju\u010dku<\/li>\n<li>1-Wire UNI (2x RJ11 za lan\u010dano povezivanje)<\/li>\n<li>Povezuje se s ure\u0111ajima Poseidon2 ili Ares<\/li>\n<li>Pretvara\u010d za ugradnju u zatvorenom prostoru<\/li>\n<\/ul>\n<h2>Primjeri primjene<\/h2>\n<div class=\"is-divider divider clearfix\" style=\"max-width:100%;\"><\/div>\n<p>U kombinaciji s jedinicama Poseidon2 i Ares ova se sonda mo\u017ee koristiti za pra\u0107enje preoptere\u0107enja ili promjene smjera istosmjerne struje:<\/p>\n<ul>\n<li>u velikim UPS-ovima<\/li>\n<li>u telekomunikacijskim ure\u0111ajima<\/li>\n<li>u \u017eeljeznicama<\/li>\n<li>itd.<\/li>\n<\/ul>\n\t\t<\/div>\n\t\t\t\t\t<\/div>\n\n\t\n<\/div>\n","protected":false},"excerpt":{"rendered":"<p>Sonda za izravno mjerenje istosmjerne struje do 100A kao rani sustav upozorenja o preoptere\u0107enju ili promjeni smjera (punjenje\/pra\u017enjenje)<\/p>\n<ul>\n<li>za mjerenje do 100 A(DC)<\/li>\n<li>radi s Ares i Poseidon2 IoT ure\u0111ajima<\/li>\n<\/ul>\n<p>&nbsp;<\/p>\n","protected":false},"featured_media":4025,"template":"","meta":[],"product_brand":[],"product_cat":[191],"product_tag":[],"class_list":{"0":"post-4024","1":"product","2":"type-product","3":"status-publish","4":"has-post-thumbnail","6":"product_cat-iot-senzori-i-detektori-bs","7":"product_shipping_class-dostava-prema-ponudi","9":"first","10":"onbackorder","11":"taxable","12":"shipping-taxable","13":"purchasable","14":"product-type-simple"},"_links":{"self":[{"href":"https:\/\/mreze.shop\/bs\/wp-json\/wp\/v2\/product\/4024","targetHints":{"allow":["GET"]}}],"collection":[{"href":"https:\/\/mreze.shop\/bs\/wp-json\/wp\/v2\/product"}],"about":[{"href":"https:\/\/mreze.shop\/bs\/wp-json\/wp\/v2\/types\/product"}],"wp:featuredmedia":[{"embeddable":true,"href":"https:\/\/mreze.shop\/bs\/wp-json\/wp\/v2\/media\/4025"}],"wp:attachment":[{"href":"https:\/\/mreze.shop\/bs\/wp-json\/wp\/v2\/media?parent=4024"}],"wp:term":[{"taxonomy":"product_brand","embeddable":true,"href":"https:\/\/mreze.shop\/bs\/wp-json\/wp\/v2\/product_brand?post=4024"},{"taxonomy":"product_cat","embeddable":true,"href":"https:\/\/mreze.shop\/bs\/wp-json\/wp\/v2\/product_cat?post=4024"},{"taxonomy":"product_tag","embeddable":true,"href":"https:\/\/mreze.shop\/bs\/wp-json\/wp\/v2\/product_tag?post=4024"}],"curies":[{"name":"wp","href":"https:\/\/api.w.org\/{rel}","templated":true}]}}