{"id":4020,"date":"2023-02-22T14:06:06","date_gmt":"2023-02-22T13:06:06","guid":{"rendered":"https:\/\/mreze.shop\/proizvod\/senzor-napona-100adc-1w-uni-hw-group\/"},"modified":"2023-12-07T13:06:42","modified_gmt":"2023-12-07T12:06:42","slug":"senzor-napona-100adc-1w-uni-hw-group","status":"publish","type":"product","link":"https:\/\/mreze.shop\/bs\/proizvod\/senzor-napona-100adc-1w-uni-hw-group\/","title":{"rendered":"Senzor napona 100A(DC) 1W-UNI HW group"},"content":{"rendered":"\t<div id=\"gap-1284210069\" class=\"gap-element clearfix\" style=\"display:block; height:auto;\">\n\t\t\n<style>\n#gap-1284210069 {\n  padding-top: 30px;\n}\n<\/style>\n\t<\/div>\n\t\n<div class=\"row\"  id=\"row-501174978\">\n\n\t<div id=\"col-1010048108\" class=\"col medium-6 small-12 large-6\"  data-animate=\"fadeInLeft\">\n\t\t\t\t<div class=\"col-inner\"  >\n\t\t\t\n\t\t\t\n<h2>Udaljeno mjerenja napona 100-250 V(AC)<\/h2>\n<div class=\"is-divider divider clearfix\" style=\"max-width:100%;\"><\/div>\n<p>Senzor je namijenjen za mjerenje izmjeni\u010dnog napona u rasponu 100 &#8211; 250V AC. 1W-uni izlazna sabirnica je izolirana. Uobi\u010dajena uporaba senzora uklju\u010duje otkrivanje varijacija napona ili ispadanja napona. Izmjerene vrijednosti obra\u0111uju jedinice Poseidon2 (LAN) ili Ares (GSM) kako bi bile dostupne aplikacijama za nadzor.<\/p>\n<ul>\n<li>Pra\u0107enje kolebanja mre\u017enog napona.<\/li>\n<li>Dugotrajno pra\u0107enje mre\u017enog napona.<\/li>\n<li>Detekcija prisutnosti mre\u017enog napona.<\/li>\n<li>Pra\u0107enje napajanja na ulazu ili izlazu UPS-a.<\/li>\n<\/ul>\n\t\t<\/div>\n\t\t\t\t\n<style>\n#col-1010048108 > .col-inner {\n  padding: 0px 1em 0px 0px;\n}\n<\/style>\n\t<\/div>\n\n\t\n\n\t<div id=\"col-339373866\" class=\"col medium-4 small-12 large-4\"  >\n\t\t\t\t<div class=\"col-inner\"  >\n\t\t\t\n\t\t\t\n<h2>Izdvojene zna\u010dajke<\/h2>\n<div class=\"is-divider divider clearfix\" style=\"max-width:100%;\"><\/div>\n<ul>\n<li>100-240V AC senzor<\/li>\n<li>1-Wire UNI izlaz za spajanje na Poseidon2 i HWg-Ares jedinice<\/li>\n<li>Preciznost 5%<\/li>\n<li>Rezolucija 1V<\/li>\n<li>Period mjerenja pribli\u017eno 1s<\/li>\n<li>1-Wire elektri\u010dno izoliran od glavnog dijela<\/li>\n<li>Dizajniran za ugradnju na DIN \u0161inu (\u0161irina 2 modula)<\/li>\n<li>Mehani\u010dke dimenzije 88 x 64 x 37 mm<\/li>\n<\/ul>\n\t\t<\/div>\n\t\t\t\t\t<\/div>\n\n\t\n<\/div>\n\n\t<section class=\"section\" id=\"section_608203190\">\n\t\t<div class=\"section-bg fill\" >\n\t\t\t\t\t\t\t\t\t\n\t\t\t\n\n\t\t<\/div>\n\n\t\t\t<div class=\"ux-shape-divider ux-shape-divider--top ux-shape-divider--style-tilt\">\n\t\t<svg viewBox=\"0 0 1000 100\" xmlns=\"http:\/\/www.w3.org\/2000\/svg\" preserveAspectRatio=\"none\">\n\t<path class=\"ux-shape-fill\" d=\"M1000 100V0L-40 100H1000Z\"\/>\n<\/svg>\n\t<\/div>\n\n\t<div class=\"ux-shape-divider ux-shape-divider--bottom ux-shape-divider--style-tilt\">\n\t\t<svg viewBox=\"0 0 1000 100\" xmlns=\"http:\/\/www.w3.org\/2000\/svg\" preserveAspectRatio=\"none\">\n\t<path class=\"ux-shape-fill\" d=\"M1000 100V0L-40 100H1000Z\"\/>\n<\/svg>\n\t<\/div>\n\n\t\t<div class=\"section-content relative\">\n\t\t\t\n<div class=\"row row-collapse row-full-width align-equal align-center\"  id=\"row-1361391062\">\n\n\t<div id=\"col-564500006\" class=\"col small-12 large-12\"  >\n\t\t\t\t<div class=\"col-inner text-center\"  >\n\t\t\t\n\t\t\t\n<div class=\"container section-title-container\" ><h2 class=\"section-title section-title-center\"><b aria-hidden=\"true\"><\/b><span class=\"section-title-main\" style=\"color:rgb(11, 61, 120);\">Primjeri primjene<\/span><b aria-hidden=\"true\"><\/b><\/h2><\/div>\n\t<div id=\"text-3072349048\" class=\"text\">\n\t\t\n<p class=\"lead\">Senzor napona odli\u010dno je rje\u0161enje za udaljeni nadzor kolebanja, prisutnosti i vrijednosti napona koji radi s Poseidon i Ares IoT ure\u0111ajima<\/p>\n\t\t\n<style>\n#text-3072349048 {\n  text-align: center;\n  color: rgb(11, 61, 120);\n}\n#text-3072349048 > * {\n  color: rgb(11, 61, 120);\n}\n<\/style>\n\t<\/div>\n\t\n\t<div id=\"gap-211332347\" class=\"gap-element clearfix\" style=\"display:block; height:auto;\">\n\t\t\n<style>\n#gap-211332347 {\n  padding-top: 30px;\n}\n<\/style>\n\t<\/div>\n\t\n\n\t\t<div class=\"tabbed-content\">\n\t\t\t\n\t\t\t<ul class=\"nav nav-pills nav-vertical nav-uppercase nav-size-large nav-left\" role=\"tablist\"><li id=\"tab-mjerenje-napona-putem-lan-a\" class=\"tab active has-icon\" role=\"presentation\"><a href=\"#tab_mjerenje-napona-putem-lan-a\" role=\"tab\" aria-selected=\"true\" aria-controls=\"tab_mjerenje-napona-putem-lan-a\"><span>Mjerenje napona putem LAN-a<\/span><\/a><\/li>\n<li id=\"tab-mjerenja-napona-putem-gsm-a\" class=\"tab has-icon\" role=\"presentation\"><a href=\"#tab_mjerenja-napona-putem-gsm-a\" tabindex=\"-1\" role=\"tab\" aria-selected=\"false\" aria-controls=\"tab_mjerenja-napona-putem-gsm-a\"><span>Mjerenja napona putem GSM-a<\/span><\/a><\/li><\/ul><div class=\"tab-panels\"><div id=\"tab_mjerenje-napona-putem-lan-a\" class=\"panel active entry-content\" role=\"tabpanel\" aria-labelledby=\"tab-mjerenje-napona-putem-lan-a\">\n\t<div id=\"text-751774895\" class=\"text\">\n\t\t\n<h3>Mjerenje napona putem LAN-a (110\/230 SNMP)<\/h3>\n<ul>\n<li>Senzor mjeri ulazni napon UPS-a \u2013 nazivnog 230V AC (110V\/60Hz tako\u0111er podr\u017ean).<\/li>\n<li>Senzor napona spojen je na Poseidon2 3266 LAN jedinicu za daljinsko pra\u0107enje preko 1-Wire UNI (RJ11) sabirnice.<\/li>\n<li>Senzor 230V AC 1W-UNI napaja se iz 1-Wire UNI (RJ11) sabirnice. Vi\u0161e senzora mo\u017ee biti lan\u010dano povezano kori\u0161tenjem drugog izlaza RJ11.<\/li>\n<li>Poseidon2 3266 prikazuje vanjska o\u010ditanja napona u [V) ts web su\u010delju.<\/li>\n<li>Poseidon2 3266 \u0161alje e-mail ili tekstualnu poruku (SMS) kada je napon izvan specificiranog &#8220;SafeRange&#8221;.<\/li>\n<li>Poseidon2 3266 dijeli podatke preko LAN-a koriste\u0107i SNMP, XML (http) i Modbus\/TCP.<\/li>\n<li>Poseidon2 3266 mo\u017ee se spojiti na internetski portal SensDesk.com.<\/li>\n<li>Naponi se mogu prikazati pomo\u0107u Android ili iOS (Apple) aplikacije za tablete ili mobilne telefone.<\/li>\n<\/ul>\n\t\t\n<style>\n#text-751774895 {\n  text-align: left;\n  color: rgb(11, 61, 120);\n}\n#text-751774895 > * {\n  color: rgb(11, 61, 120);\n}\n<\/style>\n\t<\/div>\n\t\n<\/div>\n<div id=\"tab_mjerenja-napona-putem-gsm-a\" class=\"panel entry-content\" role=\"tabpanel\" aria-labelledby=\"tab-mjerenja-napona-putem-gsm-a\">\n\t<div id=\"text-3804934034\" class=\"text\">\n\t\t\n<h3>Mjerenje napona putem GSM-a<\/h3>\n<ul>\n<li>Detektor PowerEgg2 osje\u0107a prisutnost napona napajanja. Stanje 0\/1 signalizira se DI ulazom Ares jedinice.<\/li>\n<li>Donji &#8220;Senzor 230V AC 1W-UNI&#8221; mjeri napon napajanja \u2013 nominalno 110VAC ili 230VAC.<\/li>\n<li>Senzor napona je spojen na GSM jedinicu za daljinsko pra\u0107enje Ares12 preko 1-Wire UNI (RJ11) sabirnice.<\/li>\n<li>Unutarnja Ares baterija osigurava rezervno napajanje senzora.<\/li>\n<li>Ares 12 je GSM\/GPRS jedinica za daljinsko mjerenje i pra\u0107enje.<\/li>\n<li>Ares 12 \u0161alje e-mail ili tekstualnu poruku (SMS) kad god je napon izvan navedenog &#8220;SafeRange&#8221;.<\/li>\n<li>Ares 12 se mo\u017ee spojiti na internetski portal SensDesk.com.<\/li>\n<li>O\u010ditanja senzora napona mogu se prikazati pomo\u0107u Android ili iOS (Apple) aplikacije za tablete ili mobilne telefone.<\/li>\n<\/ul>\n\t\t\n<style>\n#text-3804934034 {\n  text-align: left;\n  color: #0b3d78;\n}\n#text-3804934034 > * {\n  color: #0b3d78;\n}\n<\/style>\n\t<\/div>\n\t\n<\/div><\/div><\/div>\n\t\t<\/div>\n\t\t\t\t\n<style>\n#col-564500006 > .col-inner {\n  padding: 3em 0px 3em 0px;\n}\n<\/style>\n\t<\/div>\n\n\t\n<\/div>\n\t\t<\/div>\n\n\t\t\n<style>\n#section_608203190 {\n  padding-top: 100px;\n  padding-bottom: 100px;\n  background-color: rgb(238, 238, 238);\n}\n#section_608203190 .ux-shape-divider--top svg {\n  height: 150px;\n  --divider-top-width: 187%;\n}\n#section_608203190 .ux-shape-divider--top .ux-shape-fill {\n  fill: rgb(255,255,255);\n}\n#section_608203190 .ux-shape-divider--bottom svg {\n  height: 150px;\n  --divider-width: 187%;\n}\n<\/style>\n\t<\/section>\n\t\n","protected":false},"excerpt":{"rendered":"<p>Senzor za udaljeno mjerenje prisutnosti, kolebanja i vrijednosti napona u rasponu 100V do 250 V koji radi s Ares i Poseidon IoT ure\u0111ajima<\/p>\n<ul>\n<li>1-WireUNI output<\/li>\n<li>Izravna monta\u017ea na DIN \u0161inu<\/li>\n<li>mjerenje u 1 sekundi<\/li>\n<\/ul>\n","protected":false},"featured_media":4021,"template":"","meta":[],"product_brand":[],"product_cat":[191],"product_tag":[],"class_list":{"0":"post-4020","1":"product","2":"type-product","3":"status-publish","4":"has-post-thumbnail","6":"product_cat-iot-senzori-i-detektori-bs","7":"product_shipping_class-dostava-prema-ponudi","9":"first","10":"instock","11":"taxable","12":"shipping-taxable","13":"purchasable","14":"product-type-simple"},"_links":{"self":[{"href":"https:\/\/mreze.shop\/bs\/wp-json\/wp\/v2\/product\/4020","targetHints":{"allow":["GET"]}}],"collection":[{"href":"https:\/\/mreze.shop\/bs\/wp-json\/wp\/v2\/product"}],"about":[{"href":"https:\/\/mreze.shop\/bs\/wp-json\/wp\/v2\/types\/product"}],"wp:featuredmedia":[{"embeddable":true,"href":"https:\/\/mreze.shop\/bs\/wp-json\/wp\/v2\/media\/4021"}],"wp:attachment":[{"href":"https:\/\/mreze.shop\/bs\/wp-json\/wp\/v2\/media?parent=4020"}],"wp:term":[{"taxonomy":"product_brand","embeddable":true,"href":"https:\/\/mreze.shop\/bs\/wp-json\/wp\/v2\/product_brand?post=4020"},{"taxonomy":"product_cat","embeddable":true,"href":"https:\/\/mreze.shop\/bs\/wp-json\/wp\/v2\/product_cat?post=4020"},{"taxonomy":"product_tag","embeddable":true,"href":"https:\/\/mreze.shop\/bs\/wp-json\/wp\/v2\/product_tag?post=4020"}],"curies":[{"name":"wp","href":"https:\/\/api.w.org\/{rel}","templated":true}]}}