{"id":4016,"date":"2023-02-22T14:21:34","date_gmt":"2023-02-22T13:21:34","guid":{"rendered":"https:\/\/mreze.shop\/proizvod\/senzor-napona-1v-do-60v-1w-uni-v2-hw-group\/"},"modified":"2023-12-07T13:05:22","modified_gmt":"2023-12-07T12:05:22","slug":"senzor-napona-1v-do-60v-1w-uni-v2-hw-group","status":"publish","type":"product","link":"https:\/\/mreze.shop\/bs\/proizvod\/senzor-napona-1v-do-60v-1w-uni-v2-hw-group\/","title":{"rendered":"Senzor napona 1V do 60V 1W-UNI v2, HW group"},"content":{"rendered":"\t<div id=\"gap-555697588\" class=\"gap-element clearfix\" style=\"display:block; height:auto;\">\n\t\t\n<style>\n#gap-555697588 {\n  padding-top: 30px;\n}\n<\/style>\n\t<\/div>\n\t\n<div class=\"row\"  id=\"row-1872095344\">\n\n\t<div id=\"col-2074675767\" class=\"col medium-6 small-12 large-6\"  data-animate=\"fadeInLeft\">\n\t\t\t\t<div class=\"col-inner\"  >\n\t\t\t\n\t\t\t\n<h2>Udaljeno mjerenja napona 1-60 V(DC)<\/h2>\n<div class=\"is-divider divider clearfix\" style=\"max-width:100%;\"><\/div>\n<p>Elektri\u010dno izolirani senzor napona do 60 VDC s 1Wire-UNI izlazom. Tipi\u010dne primjene uklju\u010duju mjerenje napona na industrijskim senzorima (0-10 V) ili napona baterije. \u010cesto se koristi za mjerenja 48-voltnog napajanja u telekomunikacijama (48V standard). Napon se mo\u017ee pratiti preko LAN-a ( Poseidon2) ili GSM (Ares).<\/p>\n<p>Senzor je opremljen kalibracijskom tablicom\/krivuljom od 8 to\u010daka za postavljanje izmjerenog izlaza koji odgovara povezanim industrijskim senzorima. Proces kalibracije podr\u017eava 1W-UNI USB kalibrator. USB dongle.<\/p>\n<ul>\n<li>Nadzor napona baterije u telekomunikacijskim sustavima (telco \u201348V)<\/li>\n<li>Neovisno mjerenje pojedina\u010dnih baterijskih \u0107elija (elektri\u010dno izoliranih)<\/li>\n<li>Senzor napona akumulatora od 12V ili 24V<\/li>\n<li>Pretvara\u010d signala za industrijske senzore 0-10V<\/li>\n<li>Senzor istosmjerne struje u -48V sustavima (s otpornikom za o\u010ditavanje struje)<\/li>\n<\/ul>\n\t\t<\/div>\n\t\t\t\t\n<style>\n#col-2074675767 > .col-inner {\n  padding: 0px 1em 0px 0px;\n}\n<\/style>\n\t<\/div>\n\n\t\n\n\t<div id=\"col-1522619567\" class=\"col medium-4 small-12 large-4\"  >\n\t\t\t\t<div class=\"col-inner\"  >\n\t\t\t\n\t\t\t\n<h2>Izdvojene zna\u010dajke<\/h2>\n<div class=\"is-divider divider clearfix\" style=\"max-width:100%;\"><\/div>\n<ul>\n<li>Pra\u0107enje napona 0 &#8211; 60V DC<\/li>\n<li>Visoka to\u010dnost mjerenja (mo\u017ee se koristiti i za 0\u201310V)<\/li>\n<li>Senzori mogu biti lan\u010dano povezani (dva RJ11 konektora)<\/li>\n<li>Napaja se iz 1-Wire UNI sabirnice (RJ11) ili iz vanjskog adaptera za napajanje<\/li>\n<li>Senzor tako\u0111er mo\u017ee mjeriti negativne napone od 0 do \u201360VDC<\/li>\n<\/ul>\n\t\t<\/div>\n\t\t\t\t\t<\/div>\n\n\t\n<\/div>\n","protected":false},"excerpt":{"rendered":"<p>Senzor za udaljeno mjerenje prisutnosti, kolebanja i vrijednosti napona u rasponu 1 do 60 V(DC) koji radi s Ares i Poseidon IoT ure\u0111ajima<\/p>\n<ul>\n<li>1-WireUNI output<\/li>\n<li>visoka preciznost omogu\u0107uje i mjerenja raspona 1V do 10V<\/li>\n<li>mo\u017ee mjeriti i negativne vrijednosti 0 do -60 v(DC)<\/li>\n<\/ul>\n","protected":false},"featured_media":4017,"template":"","meta":[],"product_brand":[],"product_cat":[191],"product_tag":[],"class_list":{"0":"post-4016","1":"product","2":"type-product","3":"status-publish","4":"has-post-thumbnail","6":"product_cat-iot-senzori-i-detektori-bs","7":"product_shipping_class-dostava-prema-ponudi","9":"first","10":"onbackorder","11":"taxable","12":"shipping-taxable","13":"purchasable","14":"product-type-simple"},"_links":{"self":[{"href":"https:\/\/mreze.shop\/bs\/wp-json\/wp\/v2\/product\/4016","targetHints":{"allow":["GET"]}}],"collection":[{"href":"https:\/\/mreze.shop\/bs\/wp-json\/wp\/v2\/product"}],"about":[{"href":"https:\/\/mreze.shop\/bs\/wp-json\/wp\/v2\/types\/product"}],"wp:featuredmedia":[{"embeddable":true,"href":"https:\/\/mreze.shop\/bs\/wp-json\/wp\/v2\/media\/4017"}],"wp:attachment":[{"href":"https:\/\/mreze.shop\/bs\/wp-json\/wp\/v2\/media?parent=4016"}],"wp:term":[{"taxonomy":"product_brand","embeddable":true,"href":"https:\/\/mreze.shop\/bs\/wp-json\/wp\/v2\/product_brand?post=4016"},{"taxonomy":"product_cat","embeddable":true,"href":"https:\/\/mreze.shop\/bs\/wp-json\/wp\/v2\/product_cat?post=4016"},{"taxonomy":"product_tag","embeddable":true,"href":"https:\/\/mreze.shop\/bs\/wp-json\/wp\/v2\/product_tag?post=4016"}],"curies":[{"name":"wp","href":"https:\/\/api.w.org\/{rel}","templated":true}]}}