{"id":4013,"date":"2023-02-22T15:01:49","date_gmt":"2023-02-22T14:01:49","guid":{"rendered":"https:\/\/mreze.shop\/proizvod\/konverter-za-vanjske-dc-sonde-4-20-ma-1w-uni-hw-group\/"},"modified":"2023-12-07T13:03:32","modified_gmt":"2023-12-07T12:03:32","slug":"konverter-za-vanjske-dc-sonde-4-20-ma-1w-uni-hw-group","status":"publish","type":"product","link":"https:\/\/mreze.shop\/bs\/proizvod\/konverter-za-vanjske-dc-sonde-4-20-ma-1w-uni-hw-group\/","title":{"rendered":"Konverter za vanjske DC sonde 4-20 mA 1W-UNI, HW group"},"content":{"rendered":"\t<div id=\"gap-773362116\" class=\"gap-element clearfix\" style=\"display:block; height:auto;\">\n\t\t\n<style>\n#gap-773362116 {\n  padding-top: 30px;\n}\n<\/style>\n\t<\/div>\n\t\n<div class=\"row\"  id=\"row-1563193475\">\n\n\t<div id=\"col-7410599\" class=\"col medium-6 small-12 large-6\"  data-animate=\"fadeInLeft\">\n\t\t\t\t<div class=\"col-inner\"  >\n\t\t\t\n\t\t\t\n<h2>Udaljeno nadzor industrijskih senzora 0-20mA<\/h2>\n<div class=\"is-divider divider clearfix\" style=\"max-width:100%;\"><\/div>\n<p>Izolirani senzor istosmjerne struje za RJ11 1W-UNI sabirnicu. To je pretvara\u010d s napajanjem RJ11 za vanjske sonde od 4-20 mA. Obi\u010dno se koristi za spajanje industrijske sonde sa su\u010deljem od 4\u201320 mA &#8211; dvo-\u017ei\u010dna strujna petlja (tip &#8220;sink&#8221;). RJ11 (1W-UNI) su\u010delje mo\u017ee se spojiti na STE2, Poseidon2 ili Ares jedinice kako bi bio dostupan putem LAN-a ili GSM \/ LTE.<\/p>\n<p>Pretvara\u010d (senzor) opremljen je kalibracijskom tablicom\/krivuljom u 8 to\u010daka za postavljanje izmjerenog izlaza koji odgovara povezanim industrijskim senzorima. Proces kalibracije podr\u017eava 1W-UNI USB kalibrator. USB dongle.<\/p>\n<p>Za industrijske senzore 0-20mA bez napajanja koristite alternativni senzor 0-20mA 1W-UNI.<\/p>\n<ul>\n<li>Spajanje industrijskih senzora na sustave Poseidon2 ili Ares<\/li>\n<li>Mjerenje razine goriva u spremniku<\/li>\n<li>Mjerenje koncentracije CO2 ili drugih plinova<\/li>\n<li>Spajanje pretvara\u010da tlaka, pH senzora ili drugih industrijskih senzora<\/li>\n<\/ul>\n<p>Pretvara\u010d signala \u2013 senzor za izlaz strujne petlje od 4-20 mA vanjskih sondi. Sadr\u017ei izvor struje za napajanje vanjske sonde. Ulaz strujne petlje je elektri\u010dno izoliran od 1Wire-UNI sabirnice.<\/p>\n<p>Izmjerite izlaz bilo kojeg vanjskog industrijskog senzora s izlazom od 4-20 mA (tip &#8220;sink&#8221;). Na primjer, sonda tlaka, CO2 senzor ili sonda razine spremnika.<\/p>\n<p>Gotovo svaki industrijski senzor mo\u017ee se na ovaj na\u010din spojiti s jedinicama Poseidon2 ili Ares. Vrijednosti se mogu dijeliti putem LAN-a ili GSM-a. Kada je struja izvan odre\u0111enog raspona, \u0161alje se e-mail ili SMS. Mo\u017ee se spojiti na sustave daljinskog nadzora koji se temelje na SNMP ili Modbus\/TCP.<\/p>\n<ul>\n<li>Uklju\u010duje izvor struje za vanjske sonde.<\/li>\n<li>Izmjerena struja od 4-20 mA elektri\u010dno je izolirana od 1-Wire UNI sabirnice (RJ11).<\/li>\n<li>Senzor se mo\u017ee koristiti u industrijskim okru\u017eenjima. Strujna petlja mo\u017ee biti duga nekoliko desetaka ili stotina metara.<\/li>\n<li>Senzori mogu biti lan\u010dano povezani (dva RJ11 konektora).<\/li>\n<li>Zahtijeva vanjsko napajanje ili strujni adapter.<\/li>\n<li>Izlazno o\u010ditanje u [mA] mo\u017ee se kalibrirati i\/ili pretvoriti u druge jedinice (npr. razina goriva u spremniku u [m]) izravno u senzoru.<\/li>\n<\/ul>\n\t\t<\/div>\n\t\t\t\t\n<style>\n#col-7410599 > .col-inner {\n  padding: 0px 1em 0px 0px;\n}\n<\/style>\n\t<\/div>\n\n\t\n\n\t<div id=\"col-807756197\" class=\"col medium-4 small-12 large-4\"  >\n\t\t\t\t<div class=\"col-inner\"  >\n\t\t\t\n\t\t\t\n<h2>Izdvojene zna\u010dajke<\/h2>\n<div class=\"is-divider divider clearfix\" style=\"max-width:100%;\"><\/div>\n<ul>\n<li>Ulaz: 4-20 mA (spojite sondu tipa &#8220;sink&#8221;).<\/li>\n<li>Elektri\u010dna izolacija<\/li>\n<li>Za\u0161tita: osigura\u010d 63 mA<\/li>\n<li>Opcije: pretvorba jedinica, kalibracija<\/li>\n<li>Su\u010delje: 1-Wire UNI (2x RJ11 za lan\u010dano povezivanje)<\/li>\n<li>Spaja se na: Ares, STE2, Poseidon2, SD 2x1Wire<\/li>\n<li>Napajanje: Preporu\u010da se vanjsko napajanje od 12-30 V<\/li>\n<\/ul>\n\t\t<\/div>\n\t\t\t\t\t<\/div>\n\n\t\n<\/div>\n","protected":false},"excerpt":{"rendered":"<p>Uz konverter za vanjske DC sonde i Poseidon ili Ares IoT ure\u0111aje bilo koji industrijski senzor sa 4-20 mA su\u010deljem se mo\u017ee nadzirati na daljinu<\/p>\n","protected":false},"featured_media":4014,"template":"","meta":[],"product_brand":[],"product_cat":[191],"product_tag":[],"class_list":{"0":"post-4013","1":"product","2":"type-product","3":"status-publish","4":"has-post-thumbnail","6":"product_cat-iot-senzori-i-detektori-bs","7":"product_shipping_class-dostava-prema-ponudi","9":"first","10":"instock","11":"taxable","12":"shipping-taxable","13":"purchasable","14":"product-type-simple"},"_links":{"self":[{"href":"https:\/\/mreze.shop\/bs\/wp-json\/wp\/v2\/product\/4013","targetHints":{"allow":["GET"]}}],"collection":[{"href":"https:\/\/mreze.shop\/bs\/wp-json\/wp\/v2\/product"}],"about":[{"href":"https:\/\/mreze.shop\/bs\/wp-json\/wp\/v2\/types\/product"}],"wp:featuredmedia":[{"embeddable":true,"href":"https:\/\/mreze.shop\/bs\/wp-json\/wp\/v2\/media\/4014"}],"wp:attachment":[{"href":"https:\/\/mreze.shop\/bs\/wp-json\/wp\/v2\/media?parent=4013"}],"wp:term":[{"taxonomy":"product_brand","embeddable":true,"href":"https:\/\/mreze.shop\/bs\/wp-json\/wp\/v2\/product_brand?post=4013"},{"taxonomy":"product_cat","embeddable":true,"href":"https:\/\/mreze.shop\/bs\/wp-json\/wp\/v2\/product_cat?post=4013"},{"taxonomy":"product_tag","embeddable":true,"href":"https:\/\/mreze.shop\/bs\/wp-json\/wp\/v2\/product_tag?post=4013"}],"curies":[{"name":"wp","href":"https:\/\/api.w.org\/{rel}","templated":true}]}}