{"id":4010,"date":"2023-02-22T15:17:57","date_gmt":"2023-02-22T14:17:57","guid":{"rendered":"https:\/\/mreze.shop\/proizvod\/konverter-za-vanjske-dc-sonde-0-20-ma-1w-uni-hw-group\/"},"modified":"2023-12-07T13:02:04","modified_gmt":"2023-12-07T12:02:04","slug":"konverter-za-vanjske-dc-sonde-0-20-ma-1w-uni-hw-group","status":"publish","type":"product","link":"https:\/\/mreze.shop\/bs\/proizvod\/konverter-za-vanjske-dc-sonde-0-20-ma-1w-uni-hw-group\/","title":{"rendered":"Konverter za vanjske DC sonde 0-20 mA 1W-UNI, HW group"},"content":{"rendered":"\t<div id=\"gap-1928474883\" class=\"gap-element clearfix\" style=\"display:block; height:auto;\">\n\t\t\n<style>\n#gap-1928474883 {\n  padding-top: 30px;\n}\n<\/style>\n\t<\/div>\n\t\n<div class=\"row\"  id=\"row-2055677500\">\n\n\t<div id=\"col-1239627919\" class=\"col medium-6 small-12 large-6\"  data-animate=\"fadeInLeft\">\n\t\t\t\t<div class=\"col-inner\"  >\n\t\t\t\n\t\t\t\n<h2>Daljinski nadzor bilo kojeg idustrijskog 0-20 mA senzora<\/h2>\n<div class=\"is-divider divider clearfix\" style=\"max-width:100%;\"><\/div>\n<p>Izolirani senzor istosmjerne struje za 1Wire-UNI sabirnicu. Senzor za mjerenje struja u rasponu 0\u201320mA. Obi\u010dno se koristi za spajanje industrijske sonde s izlazom od 0\/4 do 20 mA &#8211; s diskretnim napajanjem (npr. za mjerenje razine goriva u spremniku). Izlaz struje senzora obra\u0111uje se u jedinicama Poseidon2 ili Ares kako bi bio dostupan putem LAN-a ili GSM\/LTE.<\/p>\n<p>Senzor je opremljen kalibracijskom tablicom\/krivuljom od 8 to\u010daka za postavljanje izmjerenog izlaza koji odgovara srodnom industrijskom senzoru. Proces kalibracije podr\u017eava 1W-UNI USB kalibrator. USB dongle.<\/p>\n<p>Za pretvara\u010d 4-20mA koristite alternativni senzor 4-20mA 1W-UNI<\/p>\n<p>Pretvara\u010d signala \u2013 senzor za mjerenje 0-20 mA iz vanjskog izvora struje. 1-Wire UNI bus (RJ11) izlaz. Strujni ulaz je elektri\u010dno izoliran od 1Wire-UNI sabirnice.<\/p>\n<p>Izmjerite izlaznu struju bilo kojeg vanjskog industrijskog senzora koji daje 0-20 mA (vrsta &#8220;izvora&#8221;). Na primjer, izlazna struja strujnog transformatora.<\/p>\n<p>Gotovo svaki industrijski senzor mo\u017ee se na ovaj na\u010din spojiti s jedinicama Poseidon2 ili Ares. Vrijednosti se mogu dijeliti putem LAN-a ili GSM-a. Kada je struja izvan odre\u0111enog raspona, \u0161alje se e-mail ili SMS. Mo\u017ee se spojiti na sustave daljinskog nadzora koji se temelje na SNMP ili Modbus\/TCP.<\/p>\n<p>Ulaz 0-20mA je elektri\u010dno izoliran od 1-Wire UNI sabirnice (RJ11).<br \/>\nSenzor se mo\u017ee koristiti u industrijskim okru\u017eenjima.<br \/>\nSenzori mogu biti lan\u010dano povezani (dva RJ11 konektora).<br \/>\nNapaja se iz 1-Wire UNI sabirnice (RJ11) ili iz vanjskog adaptera za napajanje.<br \/>\nIzlazno o\u010ditanje u [mA] mo\u017ee se kalibrirati i\/ili pretvoriti u druge jedinice izravno u senzoru.<\/p>\n<ul>\n<li>Spajanje industrijskih senzora na sustave Poseidon ili Ares<\/li>\n<li>Spajanje strujnih transformatora<\/li>\n<li>Spajanje elektroni\u010dkih vaga<\/li>\n<li>Mjerenje koncentracije CO2 ili drugih plinova<\/li>\n<li>Spajanje pretvara\u010da tlaka ili drugih industrijskih senzora<\/li>\n<\/ul>\n\t\t<\/div>\n\t\t\t\t\n<style>\n#col-1239627919 > .col-inner {\n  padding: 0px 1em 0px 0px;\n}\n<\/style>\n\t<\/div>\n\n\t\n\n\t<div id=\"col-881064621\" class=\"col medium-4 small-12 large-4\"  >\n\t\t\t\t<div class=\"col-inner\"  >\n\t\t\t\n\t\t\t\n<h2>Izdvojene zna\u010dajke<\/h2>\n<div class=\"is-divider divider clearfix\" style=\"max-width:100%;\"><\/div>\n<ul>\n<li>Input: 0-20mA (spojite tip sonde &#8220;sink&#8221;).<\/li>\n<li>Elektri\u010dna izolacija: Da<\/li>\n<li>Za\u0161tita: osigura\u010d 63 mA<\/li>\n<li>Opcije: pretvorba jedinica, kalibracija<\/li>\n<li>Su\u010delje: 1-Wire UNI (2x RJ11 za lan\u010dano povezivanje)<\/li>\n<li>Povezuje se na: Ares 12\/14, Poseidon2 ili Poseidon 2250<\/li>\n<li>Okru\u017eenje: Pretvara\u010d se postavlja u zatvorenom prostoru<\/li>\n<li>Napajanje: Napajanje sabirnice (1-Wire UNI) \u2013 maks. 2 senzora po aktivnom priklju\u010dku<\/li>\n<\/ul>\n\t\t<\/div>\n\t\t\t\t\t<\/div>\n\n\t\n<\/div>\n","protected":false},"excerpt":{"rendered":"<p>Uz konverter za vanjske DC sonde i Poseidon ili Ares IoT ure\u0111aje bilo koji industrijski senzor sa 0-20 mA su\u010deljem se mo\u017ee nadzirati na daljinu<\/p>\n","protected":false},"featured_media":4011,"template":"","meta":[],"product_brand":[],"product_cat":[191],"product_tag":[],"class_list":{"0":"post-4010","1":"product","2":"type-product","3":"status-publish","4":"has-post-thumbnail","6":"product_cat-iot-senzori-i-detektori-bs","7":"product_shipping_class-dostava-prema-ponudi","9":"first","10":"instock","11":"taxable","12":"shipping-taxable","13":"purchasable","14":"product-type-simple"},"_links":{"self":[{"href":"https:\/\/mreze.shop\/bs\/wp-json\/wp\/v2\/product\/4010","targetHints":{"allow":["GET"]}}],"collection":[{"href":"https:\/\/mreze.shop\/bs\/wp-json\/wp\/v2\/product"}],"about":[{"href":"https:\/\/mreze.shop\/bs\/wp-json\/wp\/v2\/types\/product"}],"wp:featuredmedia":[{"embeddable":true,"href":"https:\/\/mreze.shop\/bs\/wp-json\/wp\/v2\/media\/4011"}],"wp:attachment":[{"href":"https:\/\/mreze.shop\/bs\/wp-json\/wp\/v2\/media?parent=4010"}],"wp:term":[{"taxonomy":"product_brand","embeddable":true,"href":"https:\/\/mreze.shop\/bs\/wp-json\/wp\/v2\/product_brand?post=4010"},{"taxonomy":"product_cat","embeddable":true,"href":"https:\/\/mreze.shop\/bs\/wp-json\/wp\/v2\/product_cat?post=4010"},{"taxonomy":"product_tag","embeddable":true,"href":"https:\/\/mreze.shop\/bs\/wp-json\/wp\/v2\/product_tag?post=4010"}],"curies":[{"name":"wp","href":"https:\/\/api.w.org\/{rel}","templated":true}]}}