{"id":4005,"date":"2023-02-22T16:07:57","date_gmt":"2023-02-22T15:07:57","guid":{"rendered":"https:\/\/mreze.shop\/proizvod\/senzor-za-detekciju-curenja-vode-s-relejem-wld-relay-1w-uni-hw-group\/"},"modified":"2026-02-18T08:51:30","modified_gmt":"2026-02-18T07:51:30","slug":"senzor-za-detekciju-curenja-vode-s-relejem-wld-relay-1w-uni-hw-group","status":"publish","type":"product","link":"https:\/\/mreze.shop\/bs\/proizvod\/senzor-za-detekciju-curenja-vode-s-relejem-wld-relay-1w-uni-hw-group\/","title":{"rendered":"Senzor za detekciju curenja vode s relejem WLD Relay 1W-UNI, HW group"},"content":{"rendered":"\t<div id=\"gap-1615138650\" class=\"gap-element clearfix\" style=\"display:block; height:auto;\">\n\t\t\n<style>\n#gap-1615138650 {\n  padding-top: 30px;\n}\n<\/style>\n\t<\/div>\n\t\n<div class=\"row align-middle\"  id=\"row-348936198\">\n\n\t<div id=\"col-2050710750\" class=\"col medium-6 small-12 large-6\"  data-animate=\"fadeInLeft\">\n\t\t\t\t<div class=\"col-inner\"  >\n\t\t\t\n\t\t\t\n<h2>Samostalni LAN\/WiFi detektor curenja vode s 4 zone<\/h2>\n<div class=\"is-divider divider clearfix\" style=\"max-width:100%;\"><\/div>\n<p>Univerzalni WLD (otkrivanje curenja vode) senzor, s jednim WLD senzorskim kabelskim ulazom i 2 vrste izlaza.<\/p>\n<p>Izlaz releja: Senzorski WLD relej zahtijeva vanjsko napajanje od 12 V, OK \/ Voda \/ Isklju\u010dena stanja ulaza detekcije WLD signalizirana su relejnim izlazom (NO\/NC).<br \/>\n1W-UNI (RJ11) Izlaz: Senzorski WLD relej je povezan RJ11 kabelom na bilo koji HWg ure\u0111aj (STE2, Poseidon, Ares, &#8230;) kao standardni vanjski senzor.<\/p>\n<p>Senzorski WLD relej je ulaz za jednu WLD zonu. Nekoliko senzora mo\u017ee se koristiti s jednim Poseidon \/ Ares ure\u0111ajem za WLD detekciju u nekoliko zona.<\/p>\n<p>WLD senzorski kabel detektira vodu du\u017e cijele duljine kabela. Natopljenost ili prekid kabela mo\u017ee promijeniti kontakt releja.<\/p>\n<p>WLD Relay dio je HWg nadzornog ekosustava (senzori + ure\u0111aji + portal SensDesk Technology), koji vam donosi dugoro\u010dna pouzdana upozorenja, grafikone, PDF izvje\u0161\u0107a, otvoreni API, daljinsko upravljanje ure\u0111ajima itd. Pravo otkrivanje vode i rano upozorenje klju\u010dni su u mnogim poduze\u0107ima, na primjer, podatkovnim centrima itd. Sustav za otkrivanje curenja vode iz HW grupe slo\u017eeno je rje\u0161enje razvijeno za za\u0161titu va\u0161eg objekta od skupe \u0161tete uzrokovane vodom koja bi vam mogla prijetiti.<\/p>\n<ul>\n<li>Vanjski WLD senzor za sve RJ11 (1W-UNI) ure\u0111aje (Poseidon2, Ares, STE2, &#8230;)<\/li>\n<li>Senzorski WLD relej 1W-UNI napaja se iz RJ11<\/li>\n<li>WLD ulaz je 1 zona detekcije vode do 185 metara<\/li>\n<li>\u010cak i najmanji volumen vode, etilen glikola ili druge vodljive teku\u0107ine detektira se bilo gdje du\u017e cijele duljine senzorskog kabela<\/li>\n<li>WLD by HWg jedinstvena je dugoro\u010dno stabilna tehnologija jer nema ograni\u010denja savijanja\/uvijanja\/hvata<\/li>\n<\/ul>\n\t\t<\/div>\n\t\t\t\t\n<style>\n#col-2050710750 > .col-inner {\n  padding: 0px 1em 0px 0px;\n}\n<\/style>\n\t<\/div>\n\n\t\n\n\t<div id=\"col-274093605\" class=\"col medium-6 small-12 large-6\"  data-animate=\"fadeInRight\">\n\t\t\t\t<div class=\"col-inner\"  >\n\t\t\t\n\t\t\t\n\t<div class=\"img has-hover x md-x lg-x y md-y lg-y\" id=\"image_1766352556\">\n\t\t\t\t\t\t\t\t<div class=\"img-inner dark\" >\n\t\t\t<img loading=\"lazy\" decoding=\"async\" width=\"750\" height=\"750\" src=\"https:\/\/mreze.shop\/wp-content\/uploads\/2023\/02\/Senzor-za-detekciju-curenja-vode-s-relejem-WLD-Relay-1076-2.jpg\" class=\"attachment-large size-large\" alt=\"\" srcset=\"https:\/\/mreze.shop\/wp-content\/uploads\/2023\/02\/Senzor-za-detekciju-curenja-vode-s-relejem-WLD-Relay-1076-2.jpg 750w, https:\/\/mreze.shop\/wp-content\/uploads\/2023\/02\/Senzor-za-detekciju-curenja-vode-s-relejem-WLD-Relay-1076-2-350x350.jpg 350w, https:\/\/mreze.shop\/wp-content\/uploads\/2023\/02\/Senzor-za-detekciju-curenja-vode-s-relejem-WLD-Relay-1076-2-100x100.jpg 100w, https:\/\/mreze.shop\/wp-content\/uploads\/2023\/02\/Senzor-za-detekciju-curenja-vode-s-relejem-WLD-Relay-1076-2-510x510.jpg 510w, https:\/\/mreze.shop\/wp-content\/uploads\/2023\/02\/Senzor-za-detekciju-curenja-vode-s-relejem-WLD-Relay-1076-2-400x400.jpg 400w, https:\/\/mreze.shop\/wp-content\/uploads\/2023\/02\/Senzor-za-detekciju-curenja-vode-s-relejem-WLD-Relay-1076-2-280x280.jpg 280w\" sizes=\"auto, (max-width: 750px) 100vw, 750px\" \/>\t\t\t\t\t\t\n\t\t\t\t\t<\/div>\n\t\t\t\t\t\t\t\t\n<style>\n#image_1766352556 {\n  width: 100%;\n}\n<\/style>\n\t<\/div>\n\t\n\t\t<\/div>\n\t\t\t\t\n<style>\n#col-274093605 > .col-inner {\n  padding: 0px 0px 0px 1em;\n}\n<\/style>\n\t<\/div>\n\n\t\n<\/div>\n<div class=\"row align-middle\"  id=\"row-1355024727\">\n\n\t<div id=\"col-2049155430\" class=\"col medium-6 small-12 large-6\"  data-animate=\"fadeInRight\">\n\t\t\t\t<div class=\"col-inner\"  >\n\t\t\t\n\t\t\t\n\t<div class=\"img has-hover x md-x lg-x y md-y lg-y\" id=\"image_1522238297\">\n\t\t\t\t\t\t\t\t<div class=\"img-inner dark\" >\n\t\t\t<img loading=\"lazy\" decoding=\"async\" width=\"1020\" height=\"529\" src=\"https:\/\/mreze.shop\/wp-content\/uploads\/2023\/02\/1076-4.png\" class=\"attachment-large size-large\" alt=\"\" srcset=\"https:\/\/mreze.shop\/wp-content\/uploads\/2023\/02\/1076-4.png 1225w, https:\/\/mreze.shop\/wp-content\/uploads\/2023\/02\/1076-4-750x389.png 750w, https:\/\/mreze.shop\/wp-content\/uploads\/2023\/02\/1076-4-772x400.png 772w, https:\/\/mreze.shop\/wp-content\/uploads\/2023\/02\/1076-4-768x398.png 768w\" sizes=\"auto, (max-width: 1020px) 100vw, 1020px\" \/>\t\t\t\t\t\t\n\t\t\t\t\t<\/div>\n\t\t\t\t\t\t\t\t\n<style>\n#image_1522238297 {\n  width: 85%;\n}\n<\/style>\n\t<\/div>\n\t\n<p><em>Senzorski WLD relej mo\u017ee se koristiti kao samostalni WLD senzor (napajanje + relejni izlaz) ili kao 1W-UNI senzor spojen na bilo koji STE2, Poseidon2, HWg-Ares ili drugi HWg ure\u0111aj.<\/em><\/p>\n\t\t<\/div>\n\t\t\t\t\n<style>\n#col-2049155430 > .col-inner {\n  padding: 0px 0px 0px 1em;\n}\n<\/style>\n\t<\/div>\n\n\t\n\n\t<div id=\"col-761555402\" class=\"col medium-6 small-12 large-6\"  data-animate=\"fadeInLeft\">\n\t\t\t\t<div class=\"col-inner\"  >\n\t\t\t\n\t\t\t\n<h2>WLD senzorski kabel<\/h2>\n<div class=\"is-divider divider clearfix\" style=\"max-width:100%;\"><\/div>\n<p>WLD senzorski kabel otkriva teku\u0107inu du\u017e cijele duljine senzorskog kabela. \u010cak i nekoliko kapi vode, etilen glikola ili druge vodljive teku\u0107ine aktivira alarm. WLD senzorski kabel mo\u017ee se ponovno koristiti (kabel se mo\u017ee o\u010distiti, osu\u0161iti i ponovno koristiti).<\/p>\n<h3><strong>Zna\u010dajke WLD senzorskog kabela:<\/strong><\/h3>\n<ul>\n<li>Bez ograni\u010denja savijanja: WLD senzorski kabel nije ograni\u010den radijusom savijanja.<\/li>\n<li>Bez ograni\u010denja uvijanja: WLD senzorski kabel mo\u017ee se uvijati kao bilo koji drugi elektri\u010dni kabel.<\/li>\n<li>Bez ograni\u010denja prianjanja: Funkcionalnost otkrivanja vode nije ograni\u010dena to\u010dkastim pritiskom unutar razumnog raspona.<\/li>\n<\/ul>\n<h3>Komponente WLD kabela<\/h3>\n<p>WLD senzorski kabel isporu\u010duje se u duljini od 2 m do 50 m i mo\u017ee se produ\u017eiti WLD produ\u017eenim kabelom bez senzora.<\/p>\n<ul>\n<li>Priklju\u010dni kabel &#8211; 2m (zelena stezaljka, 2m, Terminator)<\/li>\n<li>WLD senzorski kabel A &#8211; 2m \/ 10m \/ 50m<\/li>\n<li>WLD produ\u017eni kabel A &#8211; 5m<\/li>\n<\/ul>\n\t\t<\/div>\n\t\t\t\t\n<style>\n#col-761555402 > .col-inner {\n  padding: 0px 1em 0px 0px;\n}\n<\/style>\n\t<\/div>\n\n\t\n<\/div>\n<div class=\"row\"  id=\"row-1968321812\">\n\n\t<div id=\"col-1726857646\" class=\"col medium-6 small-12 large-6\"  data-animate=\"fadeInRight\">\n\t\t\t\t<div class=\"col-inner\"  >\n\t\t\t\n\t\t\t\n<h2>Izdvojene zna\u010dajke<\/h2>\n<div class=\"is-divider divider clearfix\" style=\"max-width:100%;\"><\/div>\n<ul>\n<li>Vanjski WLD senzor za sve RJ11 (1W-UNI) ure\u0111aje (Poseidon2, Ares, STE2, &#8230;)<\/li>\n<li>Senzorski WLD relej 1W-UNI napaja se iz RJ11<\/li>\n<li>WLD ulaz je 1 zona detekcije vode do 185 metara<\/li>\n<li>\u010cak i najmanji volumen vode, etilen glikola ili druge vodljive teku\u0107ine detektira se bilo gdje du\u017e cijele duljine senzorskog kabela<\/li>\n<li>WLD by HWg jedinstvena je dugoro\u010dno stabilna tehnologija jer nema ograni\u010denja savijanja\/uvijanja\/hvata<\/li>\n<\/ul>\n\t\t<\/div>\n\t\t\t\t\n<style>\n#col-1726857646 > .col-inner {\n  padding: 0px 0px 0px 1em;\n}\n<\/style>\n\t<\/div>\n\n\t\n\n\t<div id=\"col-1727742350\" class=\"col medium-6 small-12 large-6\"  data-animate=\"fadeInLeft\">\n\t\t\t\t<div class=\"col-inner\"  >\n\t\t\t\n\t\t\t\n<h2>Primjene i upotreba<\/h2>\n<div class=\"is-divider divider clearfix\" style=\"max-width:100%;\"><\/div>\n<ul>\n<li>Detektor curenja vode za sigurnosne sustave<\/li>\n<li>Detekcija vode ispod podignutih podova<\/li>\n<li>Otkrivanje curenja cijevi (kabel omotan du\u017e cijevi)<\/li>\n<li>Za\u0161tita od poplava od krovnih svjetiljki (senzorski kabel postavljen du\u017e zidova)<\/li>\n<li>Detekcija curenja vode u posudama za kapanje<\/li>\n<li>Detekcija curenja vode ispod otvora klima ure\u0111aja<\/li>\n<\/ul>\n\t\t<\/div>\n\t\t\t\t\n<style>\n#col-1727742350 > .col-inner {\n  padding: 0px 1em 0px 0px;\n}\n<\/style>\n\t<\/div>\n\n\t\n<\/div>\n","protected":false},"excerpt":{"rendered":"<p>Univerzalni senzor curenja vode (WLD) s WLD kabelom i 2 vrste izlaza (relejni i 1W-UNI)<\/p>\n<ul>\n<li>detekcija i najmanje koli\u010dine vode cijelom du\u017einom WLD kabela<\/li>\n<li>1 zona detekcije se mo\u017ee produljiti do 185 metara<\/li>\n<\/ul>\n<p>&nbsp;<\/p>\n","protected":false},"featured_media":4006,"template":"","meta":[],"product_brand":[],"product_cat":[192,191],"product_tag":[],"class_list":{"0":"post-4005","1":"product","2":"type-product","3":"status-publish","4":"has-post-thumbnail","6":"product_cat-iot-uredaji-za-nadzor-i-upravljanje","7":"product_cat-iot-senzori-i-detektori-bs","8":"product_shipping_class-dostava-prema-ponudi","10":"first","11":"onbackorder","12":"taxable","13":"shipping-taxable","14":"purchasable","15":"product-type-simple"},"_links":{"self":[{"href":"https:\/\/mreze.shop\/bs\/wp-json\/wp\/v2\/product\/4005","targetHints":{"allow":["GET"]}}],"collection":[{"href":"https:\/\/mreze.shop\/bs\/wp-json\/wp\/v2\/product"}],"about":[{"href":"https:\/\/mreze.shop\/bs\/wp-json\/wp\/v2\/types\/product"}],"wp:featuredmedia":[{"embeddable":true,"href":"https:\/\/mreze.shop\/bs\/wp-json\/wp\/v2\/media\/4006"}],"wp:attachment":[{"href":"https:\/\/mreze.shop\/bs\/wp-json\/wp\/v2\/media?parent=4005"}],"wp:term":[{"taxonomy":"product_brand","embeddable":true,"href":"https:\/\/mreze.shop\/bs\/wp-json\/wp\/v2\/product_brand?post=4005"},{"taxonomy":"product_cat","embeddable":true,"href":"https:\/\/mreze.shop\/bs\/wp-json\/wp\/v2\/product_cat?post=4005"},{"taxonomy":"product_tag","embeddable":true,"href":"https:\/\/mreze.shop\/bs\/wp-json\/wp\/v2\/product_tag?post=4005"}],"curies":[{"name":"wp","href":"https:\/\/api.w.org\/{rel}","templated":true}]}}