{"id":3968,"date":"2023-02-23T13:29:43","date_gmt":"2023-02-23T12:29:43","guid":{"rendered":"https:\/\/mreze.shop\/proizvod\/punjac-za-elektricna-vozila-teltocharge-teltonika\/"},"modified":"2024-01-22T13:07:20","modified_gmt":"2024-01-22T12:07:20","slug":"punjac-za-elektricna-vozila-teltocharge-teltonika","status":"publish","type":"product","link":"https:\/\/mreze.shop\/bs\/proizvod\/punjac-za-elektricna-vozila-teltocharge-teltonika\/","title":{"rendered":"Punja\u010d za elektri\u010dna vozila &#8220;TeltoCharge&#8221;, Teltonika"},"content":{"rendered":"\n\t<section class=\"section\" id=\"section_601067086\">\n\t\t<div class=\"section-bg fill\" >\n\t\t\t\t\t\t\t\t\t\n\t\t\t\n\n\t\t<\/div>\n\n\t\t\n\n\t\t<div class=\"section-content relative\">\n\t\t\t\n<div class=\"row row-small align-middle row-divided\"  id=\"row-996345093\">\n\n\t<div id=\"col-1055764083\" class=\"col medium-3 small-12 large-3 col-divided\"  >\n\t\t\t\t<div class=\"col-inner\"  >\n\t\t\t\n\t\t\t\n<h3 class=\"naslov-product-usp\">PRILAGODLJIV<\/h3>\n<hr>\n<p class=\"text-product-usp\">Premium dizajn s puno opcija za prilagodbu. Atraktivna vanjska plo\u010da, odabir kabela i opcija pametne konektivnosti<\/p>\n\t\t<\/div>\n\t\t\t\t\t<\/div>\n\n\t\n\n\t<div id=\"col-1613167243\" class=\"col medium-3 small-12 large-3\"  >\n\t\t\t\t<div class=\"col-inner\"  >\n\t\t\t\n\t\t\t\n\n\t\t<div class=\"icon-box featured-box icon-box-top text-left\"  >\n\t\t\t\t<div class=\"icon-box-text last-reset\">\n\t\t\t\t\t\t\t\t\t\n<h3 class=\"naslov-product-usp\">JEDNOSTAVAN<\/h3>\n<hr>\n<p class=\"text-product-usp\">Jednostavna upotreba, jednostavna instalacija i jednostavno iskustvo punjenja.<\/p>\n\t\t<\/div>\n\t<\/div>\n\t\n\t\n\t\t<\/div>\n\t\t\t\t\t<\/div>\n\n\t\n\n\t<div id=\"col-1405844137\" class=\"col medium-3 small-12 large-3\"  >\n\t\t\t\t<div class=\"col-inner\"  >\n\t\t\t\n\t\t\t\n\n\t\t<div class=\"icon-box featured-box icon-box-top text-left\"  >\n\t\t\t\t<div class=\"icon-box-text last-reset\">\n\t\t\t\t\t\t\t\t\t\n<h3 class=\"naslov-product-usp\">PAMETAN<\/h3>\n<hr>\n<p class=\"text-product-usp\">Sna\u017ean EV punja\u010d koji je pun pametnih zna\u010dajki dostupnih putem mobilne aplikacije.<\/p>\n\t\t<\/div>\n\t<\/div>\n\t\n\t\n\t\t<\/div>\n\t\t\t\t\t<\/div>\n\n\t\n\n\t<div id=\"col-572101951\" class=\"col medium-3 small-12 large-3\"  >\n\t\t\t\t<div class=\"col-inner\"  >\n\t\t\t\n\t\t\t\n\n\t\t<div class=\"icon-box featured-box icon-box-top text-left\"  >\n\t\t\t\t<div class=\"icon-box-text last-reset\">\n\t\t\t\t\t\t\t\t\t\n<h3 class=\"naslov-product-usp\">POUZDAN<\/h3>\n<hr>\n<p class=\"text-product-usp\">Robusna i pouzdana izrada koja mo\u017ee izdr\u017eati \u010dak i najte\u017ee vanjske uvjete.<\/p>\n\t\t<\/div>\n\t<\/div>\n\t\n\t\n\t\t<\/div>\n\t\t\t\t\t<\/div>\n\n\t\n\n<style>\n#row-996345093 > .col > .col-inner {\n  padding: 3em 0px 0px 0px;\n  background-color: rgb(238, 238, 238);\n}\n<\/style>\n<\/div>\n\t\t<\/div>\n\n\t\t\n<style>\n#section_601067086 {\n  padding-top: 30px;\n  padding-bottom: 30px;\n  background-color: rgb(238, 238, 238);\n}\n<\/style>\n\t<\/section>\n\t\n<div class=\"row align-middle\"  id=\"row-1202035166\">\n\n\t<div id=\"col-1992453883\" class=\"col medium-6 small-12 large-6\"  data-animate=\"fadeInLeft\">\n\t\t\t\t<div class=\"col-inner\"  >\n\t\t\t\n\t\t\t\n<h2>JEDNOSTAVNA INSTALACIJA<\/h2>\n<div class=\"is-divider divider clearfix\" style=\"max-width:100%;\"><\/div>\n<p>Brza i jednostavna instalacija bez ikakvih dodatnih koraka, sustav upravljanja kabelom bez muke i iskustvo punjenja EV-a bez napora. Napravili smo to jednostavno poput upotrebe pametnog telefona.<\/p>\n\t\t<\/div>\n\t\t\t\t\n<style>\n#col-1992453883 > .col-inner {\n  padding: 0px 1em 0px 0px;\n}\n<\/style>\n\t<\/div>\n\n\t\n\n\t<div id=\"col-386370168\" class=\"col medium-6 small-12 large-6 small-col-first\"  data-animate=\"fadeInRight\">\n\t\t\t\t<div class=\"col-inner\"  >\n\t\t\t\n\t\t\t\n\t<div class=\"img has-hover x md-x lg-x y md-y lg-y\" id=\"image_178610276\">\n\t\t\t\t\t\t\t\t<div class=\"img-inner dark\" >\n\t\t\t<img loading=\"lazy\" decoding=\"async\" width=\"600\" height=\"434\" src=\"https:\/\/mreze.shop\/wp-content\/uploads\/2023\/02\/TeltoCharge-1.jpg\" class=\"attachment-large size-large\" alt=\"\" srcset=\"https:\/\/mreze.shop\/wp-content\/uploads\/2023\/02\/TeltoCharge-1.jpg 600w, https:\/\/mreze.shop\/wp-content\/uploads\/2023\/02\/TeltoCharge-1-510x369.jpg 510w, https:\/\/mreze.shop\/wp-content\/uploads\/2023\/02\/TeltoCharge-1-553x400.jpg 553w\" sizes=\"auto, (max-width: 600px) 100vw, 600px\" \/>\t\t\t\t\t\t\n\t\t\t\t\t<\/div>\n\t\t\t\t\t\t\t\t\n<style>\n#image_178610276 {\n  width: 91%;\n}\n@media (min-width:550px) {\n  #image_178610276 {\n    width: 85%;\n  }\n}\n<\/style>\n\t<\/div>\n\t\n\t\t<\/div>\n\t\t\t\t\n<style>\n#col-386370168 > .col-inner {\n  padding: 0px 0px 0px 1em;\n}\n<\/style>\n\t<\/div>\n\n\t\n<\/div>\n<div class=\"row align-middle\"  id=\"row-1528367967\">\n\n\t<div id=\"col-1414728564\" class=\"col medium-6 small-12 large-6\"  data-animate=\"fadeInRight\">\n\t\t\t\t<div class=\"col-inner\"  >\n\t\t\t\n\t\t\t\n\t<div class=\"img has-hover x md-x lg-x y md-y lg-y\" id=\"image_2061793190\">\n\t\t\t\t\t\t\t\t<div class=\"img-inner dark\" >\n\t\t\t<img loading=\"lazy\" decoding=\"async\" width=\"621\" height=\"449\" src=\"https:\/\/mreze.shop\/wp-content\/uploads\/2023\/02\/TeltoCharge-2.jpg\" class=\"attachment-large size-large\" alt=\"\" srcset=\"https:\/\/mreze.shop\/wp-content\/uploads\/2023\/02\/TeltoCharge-2.jpg 621w, https:\/\/mreze.shop\/wp-content\/uploads\/2023\/02\/TeltoCharge-2-510x369.jpg 510w, https:\/\/mreze.shop\/wp-content\/uploads\/2023\/02\/TeltoCharge-2-553x400.jpg 553w\" sizes=\"auto, (max-width: 621px) 100vw, 621px\" \/>\t\t\t\t\t\t\n\t\t\t\t\t<\/div>\n\t\t\t\t\t\t\t\t\n<style>\n#image_2061793190 {\n  width: 85%;\n}\n<\/style>\n\t<\/div>\n\t\n\t\t<\/div>\n\t\t\t\t\n<style>\n#col-1414728564 > .col-inner {\n  padding: 0px 0px 0px 1em;\n}\n<\/style>\n\t<\/div>\n\n\t\n\n\t<div id=\"col-718200325\" class=\"col medium-6 small-12 large-6\"  data-animate=\"fadeInLeft\">\n\t\t\t\t<div class=\"col-inner\"  >\n\t\t\t\n\t\t\t\n\t<div id=\"text-3680046445\" class=\"text\">\n\t\t\n<h2>PAMETNO UPRAVLJANJE<\/h2>\n\t\t\n<style>\n#text-3680046445 {\n  text-align: center;\n}\n<\/style>\n\t<\/div>\n\t\n<div class=\"is-divider divider clearfix\" style=\"max-width:100%;\"><\/div>\n\t<div id=\"text-3251503820\" class=\"text\">\n\t\t\n<p>Pratite status svog punja\u010da, zaka\u017eite punjenje kada je energija najjeftinija, pregledajte svoju statistiku u stvarnom vremenu, zaklju\u010dajte svoj punja\u010d kako biste ga za\u0161titili od ne\u017eeljenih korisnika i upravljaje svime u TeltoCharge aplikaciji.<\/p>\n<p><img loading=\"lazy\" decoding=\"async\" class=\"alignnone wp-image-1529\" src=\"https:\/\/mreze.shop\/wp-content\/uploads\/2023\/02\/TeltoCharge-GooglePlay.png\" alt=\"\" width=\"151\" height=\"46\" srcset=\"https:\/\/mreze.shop\/wp-content\/uploads\/2023\/02\/TeltoCharge-GooglePlay.png 253w, https:\/\/mreze.shop\/wp-content\/uploads\/2023\/02\/TeltoCharge-GooglePlay-247x77.png 247w\" sizes=\"auto, (max-width: 151px) 100vw, 151px\" \/>  <img loading=\"lazy\" decoding=\"async\" class=\"alignnone wp-image-1531\" src=\"https:\/\/mreze.shop\/wp-content\/uploads\/2023\/02\/TeltoCharge-AppStore.png\" alt=\"\" width=\"151\" height=\"46\" srcset=\"https:\/\/mreze.shop\/wp-content\/uploads\/2023\/02\/TeltoCharge-AppStore.png 252w, https:\/\/mreze.shop\/wp-content\/uploads\/2023\/02\/TeltoCharge-AppStore-247x77.png 247w\" sizes=\"auto, (max-width: 151px) 100vw, 151px\" \/><\/p>\n\t\t\n<style>\n#text-3251503820 {\n  text-align: center;\n}\n<\/style>\n\t<\/div>\n\t\n\t\t<\/div>\n\t\t\t\t\n<style>\n#col-718200325 > .col-inner {\n  padding: 0px 1em 0px 0px;\n}\n<\/style>\n\t<\/div>\n\n\t\n<\/div>\n<div class=\"row align-middle\"  id=\"row-1667281413\">\n\n\t<div id=\"col-731499480\" class=\"col medium-6 small-12 large-6\"  data-animate=\"fadeInLeft\">\n\t\t\t\t<div class=\"col-inner\"  >\n\t\t\t\n\t\t\t\n\t<div id=\"text-447620328\" class=\"text\">\n\t\t\n<h2>ROBUSNA KVALITETA<\/h2>\n\t\t\n<style>\n#text-447620328 {\n  text-align: center;\n}\n<\/style>\n\t<\/div>\n\t\n<div class=\"is-divider divider clearfix\" style=\"max-width:100%;\"><\/div>\n\t<div id=\"text-2118064988\" class=\"text\">\n\t\t\n<p>TeltoCharge ima robusnu vanjsku \u0161koljku i pouzdanu kvalitetu izrade, koja mo\u017ee izdr\u017eati \u010dak i najte\u017ee vremenske uvjete. Ima ocjenu IP55 i IK10, \u0161to zna\u010di da se mo\u017ee sigurno instalirati u zatvorenom i otvorenom prostoru.<\/p>\n\t\t\n<style>\n#text-2118064988 {\n  text-align: center;\n}\n<\/style>\n\t<\/div>\n\t\n\t\t<\/div>\n\t\t\t\t\n<style>\n#col-731499480 > .col-inner {\n  padding: 0px 1em 0px 0px;\n}\n<\/style>\n\t<\/div>\n\n\t\n\n\t<div id=\"col-1182410517\" class=\"col medium-6 small-12 large-6 small-col-first\"  data-animate=\"fadeInRight\">\n\t\t\t\t<div class=\"col-inner\"  >\n\t\t\t\n\t\t\t\n\t<div class=\"img has-hover x md-x lg-x y md-y lg-y\" id=\"image_279184995\">\n\t\t\t\t\t\t\t\t<div class=\"img-inner dark\" >\n\t\t\t<img loading=\"lazy\" decoding=\"async\" width=\"621\" height=\"449\" src=\"https:\/\/mreze.shop\/wp-content\/uploads\/2023\/02\/TeltoCharge-3.jpg\" class=\"attachment-large size-large\" alt=\"\" srcset=\"https:\/\/mreze.shop\/wp-content\/uploads\/2023\/02\/TeltoCharge-3.jpg 621w, https:\/\/mreze.shop\/wp-content\/uploads\/2023\/02\/TeltoCharge-3-510x369.jpg 510w, https:\/\/mreze.shop\/wp-content\/uploads\/2023\/02\/TeltoCharge-3-553x400.jpg 553w\" sizes=\"auto, (max-width: 621px) 100vw, 621px\" \/>\t\t\t\t\t\t\n\t\t\t\t\t<\/div>\n\t\t\t\t\t\t\t\t\n<style>\n#image_279184995 {\n  width: 93%;\n}\n@media (min-width:550px) {\n  #image_279184995 {\n    width: 85%;\n  }\n}\n<\/style>\n\t<\/div>\n\t\n\t\t<\/div>\n\t\t\t\t\n<style>\n#col-1182410517 > .col-inner {\n  padding: 0px 0px 0px 1em;\n}\n<\/style>\n\t<\/div>\n\n\t\n<\/div>\n\t<div id=\"gap-671203850\" class=\"gap-element clearfix\" style=\"display:block; height:auto;\">\n\t\t\n<style>\n#gap-671203850 {\n  padding-top: 30px;\n}\n<\/style>\n\t<\/div>\n\t\n<div class=\"row row-dashed\"  id=\"row-1264775121\">\n\n\t<div id=\"col-1564558575\" class=\"col medium-4 small-12 large-4\"  >\n\t\t\t\t<div class=\"col-inner\"  >\n\t\t\t\n\t\t\t\n\t<div id=\"text-1829469001\" class=\"text\">\n\t\t\n<h3>SNAGA<\/h3>\n<p>Do 22 kW kapaciteta punjenja. Provedite manje vremena \u010dekaju\u0107i da se va\u0161e EV napuni i vi\u0161e vremena u\u017eivaju\u0107i u vo\u017enji.<\/p>\n\t\t\n<style>\n#text-1829469001 {\n  text-align: center;\n  color: rgb(11, 61, 120);\n}\n#text-1829469001 > * {\n  color: rgb(11, 61, 120);\n}\n<\/style>\n\t<\/div>\n\t\n\t\t<\/div>\n\t\t\t\t\t<\/div>\n\n\t\n\n\t<div id=\"col-1900943189\" class=\"col medium-4 small-12 large-4\"  >\n\t\t\t\t<div class=\"col-inner\"  >\n\t\t\t\n\t\t\t\n\t<div id=\"text-429189744\" class=\"text\">\n\t\t\n<h3>POVEZANOST<\/h3>\n<p>Pove\u017eite svoj punja\u010d s bilo kojim pametnim ure\u0111ajem putem Wi-Fi\/Bluetooth ili GSM veze kako biste jednostavno daljinski upravljali punja\u010dem.<\/p>\n\t\t\n<style>\n#text-429189744 {\n  text-align: center;\n  color: rgb(11, 61, 120);\n}\n#text-429189744 > * {\n  color: rgb(11, 61, 120);\n}\n<\/style>\n\t<\/div>\n\t\n\t\t<\/div>\n\t\t\t\t\t<\/div>\n\n\t\n\n\t<div id=\"col-201146076\" class=\"col medium-4 small-12 large-4\"  >\n\t\t\t\t<div class=\"col-inner\"  >\n\t\t\t\n\t\t\t\n\t<div id=\"text-1289073311\" class=\"text\">\n\t\t\n<h3>KOMPATIBILNOST<\/h3>\n<p>Kompatibilan je sa svakim elektri\u010dnim vozilom i Plug-in (PHEV) hibridom sada i u budu\u0107nosti.<\/p>\n\t\t\n<style>\n#text-1289073311 {\n  text-align: center;\n  color: rgb(11, 61, 120);\n}\n#text-1289073311 > * {\n  color: rgb(11, 61, 120);\n}\n<\/style>\n\t<\/div>\n\t\n\t\t<\/div>\n\t\t\t\t\t<\/div>\n\n\t\n\n\t<div id=\"col-58301303\" class=\"col medium-4 small-12 large-4\"  >\n\t\t\t\t<div class=\"col-inner\"  >\n\t\t\t\n\t\t\t\n\t<div id=\"text-3095510027\" class=\"text\">\n\t\t\n<h3>UPRAVLJANJE NFC KARTICOM<\/h3>\n<p>Brza i jednostavna autorizacija punjenja EV pomo\u0107u NFC kartice.<\/p>\n\t\t\n<style>\n#text-3095510027 {\n  text-align: center;\n  color: rgb(11, 61, 120);\n}\n#text-3095510027 > * {\n  color: rgb(11, 61, 120);\n}\n<\/style>\n\t<\/div>\n\t\n\t\t<\/div>\n\t\t\t\t\t<\/div>\n\n\t\n\n\t<div id=\"col-928612391\" class=\"col medium-4 small-12 large-4\"  >\n\t\t\t\t<div class=\"col-inner\"  >\n\t\t\t\n\t\t\t\n\t<div id=\"text-3983989759\" class=\"text\">\n\t\t\n<h3>PRIKLADNOST<\/h3>\n<p>Dinami\u010dka LED svjetla pokazuju snagu, priklju\u010denost i status punjenja<\/p>\n\t\t\n<style>\n#text-3983989759 {\n  text-align: center;\n  color: rgb(11, 61, 120);\n}\n#text-3983989759 > * {\n  color: rgb(11, 61, 120);\n}\n<\/style>\n\t<\/div>\n\t\n\t\t<\/div>\n\t\t\t\t\t<\/div>\n\n\t\n\n\t<div id=\"col-57618578\" class=\"col medium-4 small-12 large-4\"  >\n\t\t\t\t<div class=\"col-inner\"  >\n\t\t\t\n\t\t\t\n\t<div id=\"text-1273243924\" class=\"text\">\n\t\t\n<h3>OTPORNOST<\/h3>\n<p>U\u017eivajte u va\u0161em TeltoCharge punja\u010du bez briga uz 3-godi\u0161nje jamstvo<\/p>\n\t\t\n<style>\n#text-1273243924 {\n  text-align: center;\n  color: rgb(11, 61, 120);\n}\n#text-1273243924 > * {\n  color: rgb(11, 61, 120);\n}\n<\/style>\n\t<\/div>\n\t\n\t\t<\/div>\n\t\t\t\t\t<\/div>\n\n\t\n<\/div>\n","protected":false},"excerpt":{"rendered":"<p>Vrhunska kvaliteta, vrlo prilagodljivo i jednostavno kori\u0161tenje promijeniti \u0107e va\u0161e iskustvo punjenja Elektri\u010dnih vozila (EV). Teltonika donosi punja\u010d automobila koji kombinira funkcionalnost, vrhunski izgled, visokokvalitetnu izradu i pametne zna\u010dajke punjenja kako bi vam u\u0161tedio vrijeme i novac.<\/p>\n","protected":false},"featured_media":3969,"template":"","meta":[],"product_brand":[],"product_cat":[212],"product_tag":[],"class_list":{"0":"post-3968","1":"product","2":"type-product","3":"status-publish","4":"has-post-thumbnail","6":"product_cat-punjaci-elektricnih-vozila-bs","7":"product_shipping_class-dostava-prema-ponudi","9":"first","10":"instock","11":"taxable","12":"shipping-taxable","13":"purchasable","14":"product-type-variable"},"_links":{"self":[{"href":"https:\/\/mreze.shop\/bs\/wp-json\/wp\/v2\/product\/3968","targetHints":{"allow":["GET"]}}],"collection":[{"href":"https:\/\/mreze.shop\/bs\/wp-json\/wp\/v2\/product"}],"about":[{"href":"https:\/\/mreze.shop\/bs\/wp-json\/wp\/v2\/types\/product"}],"wp:featuredmedia":[{"embeddable":true,"href":"https:\/\/mreze.shop\/bs\/wp-json\/wp\/v2\/media\/3969"}],"wp:attachment":[{"href":"https:\/\/mreze.shop\/bs\/wp-json\/wp\/v2\/media?parent=3968"}],"wp:term":[{"taxonomy":"product_brand","embeddable":true,"href":"https:\/\/mreze.shop\/bs\/wp-json\/wp\/v2\/product_brand?post=3968"},{"taxonomy":"product_cat","embeddable":true,"href":"https:\/\/mreze.shop\/bs\/wp-json\/wp\/v2\/product_cat?post=3968"},{"taxonomy":"product_tag","embeddable":true,"href":"https:\/\/mreze.shop\/bs\/wp-json\/wp\/v2\/product_tag?post=3968"}],"curies":[{"name":"wp","href":"https:\/\/api.w.org\/{rel}","templated":true}]}}