{"id":3963,"date":"2023-04-18T13:40:55","date_gmt":"2023-04-18T11:40:55","guid":{"rendered":"https:\/\/mreze.shop\/proizvod\/remote-management-software-teltonika\/"},"modified":"2024-04-24T13:57:43","modified_gmt":"2024-04-24T11:57:43","slug":"remote-management-software-teltonika","status":"publish","type":"product","link":"https:\/\/mreze.shop\/bs\/proizvod\/remote-management-software-teltonika\/","title":{"rendered":"Remote Management Software, Teltonika"},"content":{"rendered":"<div class=\"row align-center\"  id=\"row-123207601\">\n\n\t<div id=\"col-724094557\" class=\"col medium-9 small-12 large-9\"  >\n\t\t\t\t<div class=\"col-inner text-center\"  >\n\t\t\t\n\t\t\t\n\t<div id=\"text-503823701\" class=\"text\">\n\t\t\n<h2>RMS Servisi<\/h2>\n\t\t\n<style>\n#text-503823701 {\n  font-size: 1.5rem;\n  text-align: center;\n  color: #0b3d78;\n}\n#text-503823701 > * {\n  color: #0b3d78;\n}\n<\/style>\n\t<\/div>\n\t\n<p class=\"lead\">Teltonika Networks Remote Management System dolazi s raznim dostupnim uslugama koje omogu\u0107uju opse\u017enu kontrolu i naprednu analitiku za kompatibilne ure\u0111aje.<\/p>\n\t\t<\/div>\n\t\t\t\t\t<\/div>\n\n\t\n<\/div>\n\n\t<section class=\"section\" id=\"section_1702529428\">\n\t\t<div class=\"section-bg fill\" >\n\t\t\t\t\t\t\t\t\t\n\t\t\t\n\n\t\t<\/div>\n\n\t\t\n\n\t\t<div class=\"section-content relative\">\n\t\t\t\n<div class=\"row row-full-width align-middle align-center\"  id=\"row-183455233\">\n\n\t<div id=\"col-464774254\" class=\"col medium-4 small-12 large-4\"  >\n\t\t\t\t<div class=\"col-inner text-center\" style=\"background-color:rgb(245, 246, 249);\" >\n\t\t\t\n\t\t\t\n\t<div id=\"text-3132390877\" class=\"text\">\n\t\t\n<h2>Upravljanje<\/h2>\n\t\t\n<style>\n#text-3132390877 {\n  text-align: center;\n  color: #0b3d78;\n}\n#text-3132390877 > * {\n  color: #0b3d78;\n}\n<\/style>\n\t<\/div>\n\t\n\t<div id=\"text-3705198233\" class=\"text rms-tekst-box\">\n\t\t\n<p>Potpuna daljinska kontrola nad svim povezanim ure\u0111ajima kompatibilnim s Teltonika Networks \u010dak i bez javne IP adrese.<br \/>\n\t\t\n<style>\n#text-3705198233 {\n  text-align: center;\n}\n<\/style>\n\t<\/div>\n\t\n<a href=\"https:\/\/mreze.shop\/wp-content\/uploads\/2023\/04\/rms-management-flyer.pdf\" class=\"button primary is-small lowercase\" >\n\t\t<span>Bro\u0161ura: Upravljanje<\/span>\n\t<i class=\"icon-checkmark\" aria-hidden=\"true\"><\/i><\/a>\n\n\t\t<\/div>\n\t\t\t\t\n<style>\n#col-464774254 > .col-inner {\n  padding: 20px 20px 20px 20px;\n}\n<\/style>\n\t<\/div>\n\n\t\n\n\t<div id=\"col-1262004271\" class=\"col medium-4 small-12 large-4\"  >\n\t\t\t\t<div class=\"col-inner text-center\" style=\"background-color:rgb(245, 246, 249);\" >\n\t\t\t\n\t\t\t\n\t<div id=\"text-2357209486\" class=\"text\">\n\t\t\n<h2>Povezivanje<\/h2>\n\t\t\n<style>\n#text-2357209486 {\n  text-align: center;\n  color: #0b3d78;\n}\n#text-2357209486 > * {\n  color: #0b3d78;\n}\n<\/style>\n\t<\/div>\n\t\n\t<div id=\"text-3054476584\" class=\"text rms-tekst-box\">\n\t\t\n<p>Sustav jedinstvenog pristupa koji omogu\u0107uje upravljanje povezanim pametnim ure\u0111ajima na daljinu.<br \/>\n\t\t\n<style>\n#text-3054476584 {\n  text-align: center;\n}\n<\/style>\n\t<\/div>\n\t\n<a href=\"https:\/\/mreze.shop\/wp-content\/uploads\/2023\/04\/rms-connect-flyer.pdf\" class=\"button primary is-small lowercase\" >\n\t\t<span>Bro\u0161ura: Povezivanje<\/span>\n\t<i class=\"icon-checkmark\" aria-hidden=\"true\"><\/i><\/a>\n\n\t\t<\/div>\n\t\t\t\t\n<style>\n#col-1262004271 > .col-inner {\n  padding: 20px 20px 20px 20px;\n}\n<\/style>\n\t<\/div>\n\n\t\n\n\t<div id=\"col-1990094964\" class=\"col medium-4 small-12 large-4\"  >\n\t\t\t\t<div class=\"col-inner text-center\" style=\"background-color:rgb(245, 246, 249);\" >\n\t\t\t\n\t\t\t\n\t<div id=\"text-3241635324\" class=\"text\">\n\t\t\n<h2>VPN<\/h2>\n\t\t\n<style>\n#text-3241635324 {\n  text-align: center;\n  color: #0b3d78;\n}\n#text-3241635324 > * {\n  color: #0b3d78;\n}\n<\/style>\n\t<\/div>\n\t\n\t<div id=\"text-1593183654\" class=\"text rms-tekst-box\">\n\t\t\n<p class=\"pb-4 md:pb-12 text-center whitespace-normal\">RMS VPN najsigurniji je na\u010din za daljinski pristup krajnjim to\u010dkama.<\/p>\n\t\t\t<\/div>\n\t\n<a href=\"https:\/\/mreze.shop\/wp-content\/uploads\/2023\/04\/rms-vpn-flyer.pdf\" class=\"button primary is-small lowercase\" >\n\t\t<span>Bro\u0161ura: VPN<\/span>\n\t<i class=\"icon-checkmark\" aria-hidden=\"true\"><\/i><\/a>\n\n\t\t<\/div>\n\t\t\t\t\n<style>\n#col-1990094964 > .col-inner {\n  padding: 20px 20px 20px 20px;\n}\n<\/style>\n\t<\/div>\n\n\t\n<\/div>\n\t\t<\/div>\n\n\t\t\n<style>\n#section_1702529428 {\n  padding-top: 30px;\n  padding-bottom: 30px;\n}\n<\/style>\n\t<\/section>\n\t\n\t<div id=\"gap-1709880000\" class=\"gap-element clearfix\" style=\"display:block; height:auto;\">\n\t\t\n<style>\n#gap-1709880000 {\n  padding-top: 50px;\n}\n<\/style>\n\t<\/div>\n\t\n<div class=\"row align-center\"  id=\"row-635842033\">\n\n\t<div id=\"col-1459035118\" class=\"col medium-9 small-12 large-9\"  >\n\t\t\t\t<div class=\"col-inner\"  >\n\t\t\t\n\t\t\t\n\n\t<section class=\"section\" id=\"section_1980255889\">\n\t\t<div class=\"section-bg fill\" >\n\t\t\t\t\t\t\t\t\t\n\t\t\t\n\n\t\t<\/div>\n\n\t\t\n\n\t\t<div class=\"section-content relative\">\n\t\t\t\n\t<div id=\"text-396172157\" class=\"text\">\n\t\t\n<h2>Uvodni video<\/h2>\n\t\t\n<style>\n#text-396172157 {\n  font-size: 1.5rem;\n  text-align: center;\n  color: #0b3d78;\n}\n#text-396172157 > * {\n  color: #0b3d78;\n}\n<\/style>\n\t<\/div>\n\t\n<p class=\"lead\" style=\"text-align: center;\">Upoznajte se s Teltonika Remote Management sustavom u ovom kratkom videu.<\/p>\n<div class=\"row align-center\"  id=\"row-1504411383\">\n\n\t<div id=\"col-1316019716\" class=\"col small-12 large-12\"  >\n\t\t\t\t<div class=\"col-inner\"  >\n\t\t\t\n\t\t\t\n<div class=\"video video-fit mb\" style=\"padding-top:56.25%;\"><p><iframe loading=\"lazy\" title=\"RMS | Remote Management System | Teltonika Networks\" width=\"1020\" height=\"574\" src=\"https:\/\/www.youtube.com\/embed\/uKMHLtpz8qw?feature=oembed\" frameborder=\"0\" allow=\"accelerometer; autoplay; clipboard-write; encrypted-media; gyroscope; picture-in-picture; web-share\" allowfullscreen><\/iframe><\/p>\n<\/div>\n\t\t<\/div>\n\t\t\t\t\t<\/div>\n\n\t\n<\/div>\n\t\t<\/div>\n\n\t\t\n<style>\n#section_1980255889 {\n  padding-top: 30px;\n  padding-bottom: 30px;\n}\n<\/style>\n\t<\/section>\n\t\n\t\t<\/div>\n\t\t\t\t\t<\/div>\n\n\t\n<\/div>\n<div class=\"row align-center\"  id=\"row-1074192109\">\n\n\t<div id=\"col-1440515865\" class=\"col medium-9 small-12 large-9\"  >\n\t\t\t\t<div class=\"col-inner\"  >\n\t\t\t\n\t\t\t\n\t<div id=\"text-238430232\" class=\"text\">\n\t\t\n<h2>Sigurnost<\/h2>\n\t\t\n<style>\n#text-238430232 {\n  font-size: 1.5rem;\n  text-align: center;\n  color: #0b3d78;\n}\n#text-238430232 > * {\n  color: #0b3d78;\n}\n<\/style>\n\t<\/div>\n\t\n\t<div id=\"text-287280791\" class=\"text\">\n\t\t\n<p class=\"lead\">Sigurnost je glavni prioritet za sve proizvode Teltonika Networks, a isto vrijedi i za RMS. Koristimo vi\u0161e mjera kako bismo osigurali sigurnu vezu, uklju\u010duju\u0107i brojne sigurnosne protokole i enkripciju podataka.<\/p>\n\t\t\n<style>\n#text-287280791 {\n  text-align: center;\n}\n<\/style>\n\t<\/div>\n\t\n\t\t<\/div>\n\t\t\t\t\t<\/div>\n\n\t\n<\/div>\n<div class=\"row align-equal\"  id=\"row-1619796308\">\n\n\t<div id=\"col-290938459\" class=\"col medium-3 small-12 large-3\"  >\n\t\t\t\t<div class=\"col-inner\" style=\"background-color:rgb(245, 246, 249);\" >\n\t\t\t\n\t\t\t\n\t<div id=\"text-2328954726\" class=\"text\">\n\t\t\n<h2>\u0160ifrirana komunikacija<\/h2>\n\t\t\n<style>\n#text-2328954726 {\n  font-size: 0.8rem;\n  text-align: center;\n  color: #0b3d78;\n}\n#text-2328954726 > * {\n  color: #0b3d78;\n}\n<\/style>\n\t<\/div>\n\t\n\t<div id=\"text-2891931087\" class=\"text\">\n\t\t\n<p>Za\u0161titite svoje postavke pomo\u0107u \u0161ifriranih kanala za komunikaciju s Teltonika Networks i ure\u0111ajima tre\u0107ih strana.<br \/>\n\t\t\n<style>\n#text-2891931087 {\n  text-align: center;\n}\n<\/style>\n\t<\/div>\n\t\n\t\t<\/div>\n\t\t\t\t\n<style>\n#col-290938459 > .col-inner {\n  padding: 20px 20px 20px 20px;\n}\n<\/style>\n\t<\/div>\n\n\t\n\n\t<div id=\"col-1606167938\" class=\"col medium-3 small-12 large-3\"  >\n\t\t\t\t<div class=\"col-inner\" style=\"background-color:rgb(245, 246, 249);\" >\n\t\t\t\n\t\t\t\n\t<div id=\"text-518089404\" class=\"text\">\n\t\t\n<h2>Vlasni\u010dki protokol<\/h2>\n\t\t\n<style>\n#text-518089404 {\n  font-size: 0.8rem;\n  text-align: center;\n  color: #0b3d78;\n}\n#text-518089404 > * {\n  color: #0b3d78;\n}\n<\/style>\n\t<\/div>\n\t\n\t<div id=\"text-2827801449\" class=\"text\">\n\t\t\n<p>Osigurajte sigurnost prijenosa podataka izme\u0111u usmjeriva\u010da i poslu\u017eitelja pomo\u0107u vlasni\u010dkog protokola.<br \/>\n\t\t\n<style>\n#text-2827801449 {\n  text-align: center;\n}\n<\/style>\n\t<\/div>\n\t\n\t\t<\/div>\n\t\t\t\t\n<style>\n#col-1606167938 > .col-inner {\n  padding: 20px 20px 20px 20px;\n}\n<\/style>\n\t<\/div>\n\n\t\n\n\t<div id=\"col-1875134220\" class=\"col medium-3 small-12 large-3\"  >\n\t\t\t\t<div class=\"col-inner\" style=\"background-color:rgb(245, 246, 249);\" >\n\t\t\t\n\t\t\t\n\t<div id=\"text-557939517\" class=\"text\">\n\t\t\n<h2>AWS CIS V7<\/h2>\n\t\t\n<style>\n#text-557939517 {\n  font-size: 0.8rem;\n  text-align: center;\n  color: #0b3d78;\n}\n#text-557939517 > * {\n  color: #0b3d78;\n}\n<\/style>\n\t<\/div>\n\t\n\t<div id=\"text-2167753442\" class=\"text\">\n\t\t\n<p>Za\u0161titite svoju organizaciju od cyber prijetnji kori\u0161tenjem RMS-a, koji je u skladu sa strogim sigurnosnim smjernicama CIS v7.<br \/>\n\t\t\n<style>\n#text-2167753442 {\n  text-align: center;\n}\n<\/style>\n\t<\/div>\n\t\n\t\t<\/div>\n\t\t\t\t\n<style>\n#col-1875134220 > .col-inner {\n  padding: 20px 20px 20px 20px;\n}\n<\/style>\n\t<\/div>\n\n\t\n\n\t<div id=\"col-871444358\" class=\"col medium-3 small-12 large-3\"  >\n\t\t\t\t<div class=\"col-inner\" style=\"background-color:rgb(245, 246, 249);\" >\n\t\t\t\n\t\t\t\n\t<div id=\"text-1123754189\" class=\"text\">\n\t\t\n<h2>Teltonika ID<\/h2>\n\t\t\n<style>\n#text-1123754189 {\n  font-size: 0.8rem;\n  text-align: center;\n  color: #0b3d78;\n}\n#text-1123754189 > * {\n  color: #0b3d78;\n}\n<\/style>\n\t<\/div>\n\t\n\t<div id=\"text-3121781005\" class=\"text\">\n\t\t\n<p>Upotrijebite svoju biometriju za vrlo sigurnu, ali brzu i jednostavnu autentifikaciju.<br \/>\n\t\t\n<style>\n#text-3121781005 {\n  text-align: center;\n}\n<\/style>\n\t<\/div>\n\t\n\t\t<\/div>\n\t\t\t\t\n<style>\n#col-871444358 > .col-inner {\n  padding: 20px 20px 20px 20px;\n}\n<\/style>\n\t<\/div>\n\n\t\n<\/div>\n","protected":false},"excerpt":{"rendered":"<p>Remote Management System za IoT mre\u017ee je <em>all-in-one<\/em> (sve-u-jednom) platforma prilago\u0111ena Vama, pru\u017eaju\u0107i Vam jednostavan uvid u sva povezana IoT rje\u0161enja. RMS je mo\u0107an softver koji omogu\u0107uje daljinski pristup i upravljanje svim povezanim Teltonika mre\u017eama i ure\u0111ajima tre\u0107ih strana.<\/p>\n","protected":false},"featured_media":3964,"template":"","meta":[],"product_brand":[],"product_cat":[204],"product_tag":[],"class_list":{"0":"post-3963","1":"product","2":"type-product","3":"status-publish","4":"has-post-thumbnail","6":"product_cat-daljinski-sustavi-upravljanja-mrezom-bs","8":"first","9":"instock","10":"virtual","11":"sold-individually","12":"taxable","13":"purchasable","14":"product-type-simple"},"_links":{"self":[{"href":"https:\/\/mreze.shop\/bs\/wp-json\/wp\/v2\/product\/3963","targetHints":{"allow":["GET"]}}],"collection":[{"href":"https:\/\/mreze.shop\/bs\/wp-json\/wp\/v2\/product"}],"about":[{"href":"https:\/\/mreze.shop\/bs\/wp-json\/wp\/v2\/types\/product"}],"wp:featuredmedia":[{"embeddable":true,"href":"https:\/\/mreze.shop\/bs\/wp-json\/wp\/v2\/media\/3964"}],"wp:attachment":[{"href":"https:\/\/mreze.shop\/bs\/wp-json\/wp\/v2\/media?parent=3963"}],"wp:term":[{"taxonomy":"product_brand","embeddable":true,"href":"https:\/\/mreze.shop\/bs\/wp-json\/wp\/v2\/product_brand?post=3963"},{"taxonomy":"product_cat","embeddable":true,"href":"https:\/\/mreze.shop\/bs\/wp-json\/wp\/v2\/product_cat?post=3963"},{"taxonomy":"product_tag","embeddable":true,"href":"https:\/\/mreze.shop\/bs\/wp-json\/wp\/v2\/product_tag?post=3963"}],"curies":[{"name":"wp","href":"https:\/\/api.w.org\/{rel}","templated":true}]}}