{"id":3921,"date":"2023-08-21T08:04:44","date_gmt":"2023-08-21T06:04:44","guid":{"rendered":"https:\/\/mreze.shop\/proizvod\/trofazno-brojilo-energije-i-snage-professional-2-emu\/"},"modified":"2026-02-18T08:50:54","modified_gmt":"2026-02-18T07:50:54","slug":"trofazno-brojilo-energije-i-snage-professional-2-emu","status":"publish","type":"product","link":"https:\/\/mreze.shop\/bs\/proizvod\/trofazno-brojilo-energije-i-snage-professional-2-emu\/","title":{"rendered":"Trofazno brojilo energije i snage Professional 2, EMU"},"content":{"rendered":"\t<div id=\"gap-665129623\" class=\"gap-element clearfix\" style=\"display:block; height:auto;\">\n\t\t\n<style>\n#gap-665129623 {\n  padding-top: 30px;\n}\n<\/style>\n\t<\/div>\n\t\n<div class=\"row\"  id=\"row-470676047\">\n\n\t<div id=\"col-1599610409\" class=\"col medium-6 small-12 large-6\"  data-animate=\"fadeInLeft\">\n\t\t\t\t<div class=\"col-inner\"  >\n\t\t\t\n\t\t\t\n<h2>MID certificiran za potrebe naplate<\/h2>\n<div class=\"is-divider divider clearfix\" style=\"max-width:100%;\"><\/div>\n<p>EMU Professional II ispitan je i certificiran prema MID-Modul B + D (mjerni instrument Direktiva 2004\/22\/EG Europske komisije). Stoga posjeduje potrebnu deklaraciju o uskla\u0111enosti. Dodatna potvrda prema modul D, QM-Sustav za proizvodnju i krajnje ispitivanje, omogu\u0107uje da svi EMU Professional II budu ex-factorio koristi se za potrebe naplate unutar Europske unije i Europskog gospodarskog prostora (EEA). EMU Electronic AG je certificiran prema ISO 9001 te omogu\u0107uje provo\u0111enje godi\u0161njih vanjskih revizija.<\/p>\n<h3>Izdvojene zna\u010dajke<\/h3>\n<ul>\n<li>Pohrana podataka s blockchain tehnologijom<\/li>\n<li>Integrirano spremi\u0161te za profile optere\u0107enja dubine 3 godine<\/li>\n<li>Opru\u017ena stezaljka za M-Bus, Modbus, impulsni izlaz i tarifni unos<\/li>\n<li>MID B, PTB-A 20.1 i PTB-A 50.7 certifikat<\/li>\n<li>Dvosmjerni mjera\u010d (uvoz i izvoz)<\/li>\n<li>Dokaz mjernog mehanizma neovisnog o frekvenciji u rasponu od 2 kHz do 150 kHz prema CLC \/ FprTR 50579: 2012<\/li>\n<li>Integrirano otkrivanje manipulacije<\/li>\n<\/ul>\n\t\t<\/div>\n\t\t\t\t\n<style>\n#col-1599610409 > .col-inner {\n  padding: 0px 1em 0px 0px;\n}\n<\/style>\n\t<\/div>\n\n\t\n\n\t<div id=\"col-488851877\" class=\"col medium-6 small-12 large-6\"  data-animate=\"fadeInRight\">\n\t\t\t\t<div class=\"col-inner\"  >\n\t\t\t\n\t\t\t\n<h2>Osobine ure\u0111aja<\/h2>\n<div class=\"is-divider divider clearfix\" style=\"max-width:100%;\"><\/div>\n<ul>\n<li>Dvosmjerni mjera\u010d (izvoz i uvoz)<\/li>\n<li>Pohranjivanje profila optere\u0107enja<\/li>\n<li>MID B + D certificiran za potrebe naplate<\/li>\n<li>PTB-A 20.1 i PTB-A 50.7 certificirani<\/li>\n<li>Mehani\u010dki uvjeti okoline: M2<\/li>\n<li>Priklju\u010dci strujnih transformatora od 1 i 5 A za do<br \/>\n20.000\/5 ili 4.000\/1 A. CT omjer se mo\u017ee podesiti<br \/>\nvi\u0161e puta pomo\u0107u gumba koji se mo\u017ee zatvoriti<\/li>\n<li>Izravni priklju\u010dak do 100A<\/li>\n<li>2 ili 4 tarife (Mo\u017ee se postaviti na samom brojilu)<\/li>\n<li>Grafi\u010dki LC-zaslon (38&#215;28 mm) s pozadinskim osvjetljenjem<\/li>\n<li>Dinami\u010dki 8-znamenkasti zaslon s do tri decimale<br \/>\nmjesta<\/li>\n<\/ul>\n\t\t<\/div>\n\t\t\t\t\n<style>\n#col-488851877 > .col-inner {\n  padding: 0px 0px 0px 1em;\n}\n<\/style>\n\t<\/div>\n\n\t\n<\/div>\n\n\t<section class=\"section\" id=\"section_1718683979\">\n\t\t<div class=\"section-bg fill\" >\n\t\t\t\t\t\t\t\t\t\n\t\t\t\n\n\t\t<\/div>\n\n\t\t\t<div class=\"ux-shape-divider ux-shape-divider--top ux-shape-divider--style-tilt\">\n\t\t<svg viewBox=\"0 0 1000 100\" xmlns=\"http:\/\/www.w3.org\/2000\/svg\" preserveAspectRatio=\"none\">\n\t<path class=\"ux-shape-fill\" d=\"M1000 100V0L-40 100H1000Z\"\/>\n<\/svg>\n\t<\/div>\n\n\t<div class=\"ux-shape-divider ux-shape-divider--bottom ux-shape-divider--style-tilt\">\n\t\t<svg viewBox=\"0 0 1000 100\" xmlns=\"http:\/\/www.w3.org\/2000\/svg\" preserveAspectRatio=\"none\">\n\t<path class=\"ux-shape-fill\" d=\"M1000 100V0L-40 100H1000Z\"\/>\n<\/svg>\n\t<\/div>\n\n\t\t<div class=\"section-content relative\">\n\t\t\t\n<div class=\"row row-collapse row-full-width align-equal align-center\"  id=\"row-1416987547\">\n\n\t<div id=\"col-133320596\" class=\"col small-12 large-12\"  >\n\t\t\t\t<div class=\"col-inner text-center\"  >\n\t\t\t\n\t\t\t\n<div class=\"container section-title-container\" ><h2 class=\"section-title section-title-center\"><b aria-hidden=\"true\"><\/b><span class=\"section-title-main\" style=\"color:rgb(11, 61, 120);\">Izborna su\u010delja za o\u010ditavanje<\/span><b aria-hidden=\"true\"><\/b><\/h2><\/div>\n\t<div id=\"text-1432482508\" class=\"text\">\n\t\t\n<p class=\"lead\">EMU Professional II mo\u017ee se opremiti razli\u010ditim modulima za o\u010ditavanje. Svi ovi moduli integrirani su u EMU Professional II kako bi se sprije\u010dila manipulacija i omogu\u0107ila za\u0161tita od prljav\u0161tine i vode prema standardu IP51.<\/p>\n\t\t\n<style>\n#text-1432482508 {\n  text-align: center;\n  color: rgb(11, 61, 120);\n}\n#text-1432482508 > * {\n  color: rgb(11, 61, 120);\n}\n<\/style>\n\t<\/div>\n\t\n<div class=\"row\"  id=\"row-849450884\">\n\n\t<div id=\"col-1868150239\" class=\"col medium-4 small-12 large-4\"  >\n\t\t\t\t<div class=\"col-inner\"  >\n\t\t\t\n\t\t\t\n<p><img loading=\"lazy\" decoding=\"async\" class=\"size-full wp-image-1245 aligncenter\" src=\"https:\/\/mreze.shop\/wp-content\/uploads\/2023\/08\/m-bus-2.png\" alt=\"\" width=\"250\" height=\"161\"><\/p>\n<h3 style=\"text-align: center;\">M-Bus<\/h3>\n<p>M-Bus su\u010delje u skladu s EN13757-2, -3 (bio je EN1434-3) izravno je integrirano u mjera\u010d kako bi se izbjegla manipulacija i kontaminacija. Komunikacija putem M-Busa odvija se pri 300, 600, 1'200, 2'400, 4'800 i 9'600 Baud na EMU Professional II.<\/p>\n\t\t<\/div>\n\t\t\t\t\t<\/div>\n\n\t\n\n\t<div id=\"col-21938569\" class=\"col medium-4 small-12 large-4\"  >\n\t\t\t\t<div class=\"col-inner\"  >\n\t\t\t\n\t\t\t\n<p><img loading=\"lazy\" decoding=\"async\" class=\"size-full wp-image-1247 aligncenter\" src=\"https:\/\/mreze.shop\/wp-content\/uploads\/2023\/08\/r485-2.png\" alt=\"\" width=\"250\" height=\"161\"><\/p>\n<h3 style=\"text-align: center;\">RS 485 Modbus RTU<\/h3>\n<p>ModBus RTU i ASCII su\u010delje izravno je integrirano u mjera\u010d kako bi se izbjeglo manipulacija i kontaminacija. ModBus RTU (udaljena terminalna jedinica) \u0161alje podatke u binarnom formatu.<\/p>\n\t\t<\/div>\n\t\t\t\t\t<\/div>\n\n\t\n\n\t<div id=\"col-10092983\" class=\"col medium-4 small-12 large-4\"  >\n\t\t\t\t<div class=\"col-inner\"  >\n\t\t\t\n\t\t\t\n<p><img loading=\"lazy\" decoding=\"async\" class=\"size-full wp-image-1249 aligncenter\" src=\"https:\/\/mreze.shop\/wp-content\/uploads\/2023\/08\/tcp-2.png\" alt=\"\" width=\"250\" height=\"161\"><\/p>\n<h3 style=\"text-align: center;\">TCP\/IP: Web-Server, Modbus TCP, API<\/h3>\n<p>TCP\/IP su\u010delje izravno je integrirano u mjera\u010d kako bi se izbjegla manipulacija i kontaminacija. Ovo su\u010delje pogodno je za diferencijaciju izvoza energije tre\u0107e strane.<\/p>\n\t\t<\/div>\n\t\t\t\t\t<\/div>\n\n\t\n\n\t<div id=\"col-207987235\" class=\"col medium-4 small-12 large-4\"  >\n\t\t\t\t<div class=\"col-inner\"  >\n\t\t\t\n\t\t\t\n<p><img loading=\"lazy\" decoding=\"async\" class=\"size-full wp-image-1247 aligncenter\" src=\"https:\/\/mreze.shop\/wp-content\/uploads\/2023\/08\/lora-2.png\" alt=\"\" width=\"250\" height=\"161\"><\/p>\n<h3 style=\"text-align: center;\">LoRa<\/h3>\n<p>EMU Professional II posjeduje izborno integrirano LoRa komunikacijsko su\u010delje. Ure\u0111aj je zami\u0161ljen kao Class-C i stoga uvijek spreman za primanje LoRa naredbi. Mjerenja se mogu konfigurirati i mogu se fleksibilno prilagoditi lokalnoj situaciji.<\/p>\n\t\t<\/div>\n\t\t\t\t\t<\/div>\n\n\t\n<\/div>\n\t<div id=\"gap-1505157897\" class=\"gap-element clearfix\" style=\"display:block; height:auto;\">\n\t\t\n<style>\n#gap-1505157897 {\n  padding-top: 30px;\n}\n<\/style>\n\t<\/div>\n\t\n\t\t<\/div>\n\t\t\t\t\n<style>\n#col-133320596 > .col-inner {\n  padding: 3em 0px 3em 0px;\n}\n<\/style>\n\t<\/div>\n\n\t\n<\/div>\n\t\t<\/div>\n\n\t\t\n<style>\n#section_1718683979 {\n  padding-top: 100px;\n  padding-bottom: 100px;\n  background-color: rgb(238, 238, 238);\n}\n#section_1718683979 .ux-shape-divider--top svg {\n  height: 150px;\n  --divider-top-width: 187%;\n}\n#section_1718683979 .ux-shape-divider--top .ux-shape-fill {\n  fill: rgb(255,255,255);\n}\n#section_1718683979 .ux-shape-divider--bottom svg {\n  height: 150px;\n  --divider-width: 187%;\n}\n<\/style>\n\t<\/section>\n\t\n<div class=\"row align-middle\"  id=\"row-692349359\">\n\n\t<div id=\"col-801555808\" class=\"col medium-6 small-12 large-6\"  data-animate=\"fadeInRight\">\n\t\t\t\t<div class=\"col-inner\"  >\n\t\t\t\n\t\t\t\n\t<div class=\"img has-hover x md-x lg-x y md-y lg-y\" id=\"image_1024052215\">\n\t\t\t\t\t\t\t\t<div class=\"img-inner dark\" >\n\t\t\t<img loading=\"lazy\" decoding=\"async\" width=\"768\" height=\"713\" src=\"https:\/\/mreze.shop\/wp-content\/uploads\/2023\/08\/glavna-bez-naziva.jpeg\" class=\"attachment-large size-large\" alt=\"\" srcset=\"https:\/\/mreze.shop\/wp-content\/uploads\/2023\/08\/glavna-bez-naziva.jpeg 768w, https:\/\/mreze.shop\/wp-content\/uploads\/2023\/08\/glavna-bez-naziva-431x400.jpeg 431w, https:\/\/mreze.shop\/wp-content\/uploads\/2023\/08\/glavna-bez-naziva-750x696.jpeg 750w\" sizes=\"auto, (max-width: 768px) 100vw, 768px\" \/>\t\t\t\t\t\t\n\t\t\t\t\t<\/div>\n\t\t\t\t\t\t\t\t\n<style>\n#image_1024052215 {\n  width: 85%;\n}\n<\/style>\n\t<\/div>\n\t\n\t\t<\/div>\n\t\t\t\t\n<style>\n#col-801555808 > .col-inner {\n  padding: 0px 0px 0px 1em;\n}\n<\/style>\n\t<\/div>\n\n\t\n\n\t<div id=\"col-7582527\" class=\"col medium-6 small-12 large-6\"  data-animate=\"fadeInLeft\">\n\t\t\t\t<div class=\"col-inner\"  >\n\t\t\t\n\t\t\t\n<h2>Mjera\u010d snage: lako o\u010ditavanje zahvaljuju\u0107i LCD zaslonu<\/h2>\n<div class=\"is-divider divider clearfix\" style=\"max-width:100%;\"><\/div>\n<p>Grafi\u010dki LCD zaslon u trofaznim mjera\u010dima EMU olak\u0161ava lako i razumljivo o\u010ditavanje. Parametri i postavke, kao i svi relevantni unosi u dnevnik u smislu zakona o kalibraciji, nazna\u010deni su pomo\u0107u jasno vidljivih brojeva. Je li svijetlo ili tamno u okru\u017eenju mjernog ure\u0111aja? Nije va\u017eno: zahvaljuju\u0107i LED pozadinskom svjetlu, vrijednosti se mogu o\u010ditati i u potpunom mraku.<\/p>\n\t<div id=\"gap-1531404977\" class=\"gap-element clearfix\" style=\"display:block; height:auto;\">\n\t\t\n<style>\n#gap-1531404977 {\n  padding-top: 30px;\n}\n<\/style>\n\t<\/div>\n\t\n<h3>Plug &amp; Play komunikacija prema softveru za upravljanje energijom i naplatu.<\/h3>\n<div class=\"is-divider divider clearfix\" style=\"max-width:100%;\"><\/div>\n<p>Kao open source sustav upravljanja energijom o\u010ditavaju se sva mjerila energije s EMU Professional II. Ako je potrebno, mogu se kreirati pojedina\u010dni upravlja\u010dki programi ure\u0111aja. Sve dostupne izmjerene vrijednosti se arhiviraju i prenose u sustav upravljanja energijom i naplate vi\u0161e razine, npr. EMU Joulio-Web SaaS.<\/p>\n\t\t<\/div>\n\t\t\t\t\n<style>\n#col-7582527 > .col-inner {\n  padding: 0px 1em 0px 0px;\n}\n<\/style>\n\t<\/div>\n\n\t\n<\/div>\n","protected":false},"excerpt":{"rendered":"<p>EMU Professional II je vi\u0161enamjenski dvosmjerni mjera\u010d energije i snage izuzetne fleksibilnosti i to\u010dnosti. Kombinira funkciju mjera\u010da energije, dataloggera i dodatne opreme uz mjerenja kao \u0161to su struja, napon, snaga itd.<\/p>\n<h3><strong>Konfigurirajte svoj EMU ure\u0111aj uporabom filtera.<\/strong><\/h3>\n","protected":false},"featured_media":6648,"template":"","meta":[],"product_brand":[],"product_cat":[201],"product_tag":[],"class_list":{"0":"post-3921","1":"product","2":"type-product","3":"status-publish","4":"has-post-thumbnail","6":"product_cat-brojila-energije-bs","7":"product_shipping_class-dostava-prema-ponudi","9":"first","10":"instock","11":"taxable","12":"shipping-taxable","13":"purchasable","14":"product-type-variable","15":"has-default-attributes"},"_links":{"self":[{"href":"https:\/\/mreze.shop\/bs\/wp-json\/wp\/v2\/product\/3921","targetHints":{"allow":["GET"]}}],"collection":[{"href":"https:\/\/mreze.shop\/bs\/wp-json\/wp\/v2\/product"}],"about":[{"href":"https:\/\/mreze.shop\/bs\/wp-json\/wp\/v2\/types\/product"}],"wp:featuredmedia":[{"embeddable":true,"href":"https:\/\/mreze.shop\/bs\/wp-json\/wp\/v2\/media\/6648"}],"wp:attachment":[{"href":"https:\/\/mreze.shop\/bs\/wp-json\/wp\/v2\/media?parent=3921"}],"wp:term":[{"taxonomy":"product_brand","embeddable":true,"href":"https:\/\/mreze.shop\/bs\/wp-json\/wp\/v2\/product_brand?post=3921"},{"taxonomy":"product_cat","embeddable":true,"href":"https:\/\/mreze.shop\/bs\/wp-json\/wp\/v2\/product_cat?post=3921"},{"taxonomy":"product_tag","embeddable":true,"href":"https:\/\/mreze.shop\/bs\/wp-json\/wp\/v2\/product_tag?post=3921"}],"curies":[{"name":"wp","href":"https:\/\/api.w.org\/{rel}","templated":true}]}}